{"id":5002,"date":"2023-02-18T01:13:46","date_gmt":"2023-02-18T06:13:46","guid":{"rendered":"https:\/\/dmsi-mnei.ca\/?page_id=5002"},"modified":"2023-05-24T12:17:50","modified_gmt":"2023-05-24T16:17:50","slug":"resources","status":"publish","type":"page","link":"https:\/\/dmsi-mnei.ca\/fr\/resources\/","title":{"rendered":"Comment lancer votre service de messages num\u00e9riques"},"content":{"rendered":"\t\t<div data-elementor-type=\"wp-page\" data-elementor-id=\"5002\" class=\"elementor elementor-5002\" data-elementor-post-type=\"page\">\n\t\t\t\t<div class=\"elementor-element elementor-element-9715d8a e-flex e-con-boxed e-con e-parent\" data-id=\"9715d8a\" data-element_type=\"container\" data-e-type=\"container\">\n\t\t\t\t\t<div class=\"e-con-inner\">\n\t\t\t\t<div class=\"elementor-element elementor-element-480687b elementor-widget elementor-widget-text-editor\" data-id=\"480687b\" data-element_type=\"widget\" data-e-type=\"widget\" data-widget_type=\"text-editor.default\">\n\t\t\t\t<div class=\"elementor-widget-container\">\n\t\t\t\t\t\t\t\t\t<p>Everything you need to successfully run a digital messaging initiative and connect newcomers with the right information at the right time, where they are.<\/p>\t\t\t\t\t\t\t\t<\/div>\n\t\t\t\t<\/div>\n\t\t\t\t\t<\/div>\n\t\t\t\t<\/div>\n\t\t<div class=\"elementor-element elementor-element-2f005bd e-flex e-con-boxed e-con e-parent\" data-id=\"2f005bd\" data-element_type=\"container\" data-e-type=\"container\">\n\t\t\t\t\t<div class=\"e-con-inner\">\n\t\t<div class=\"elementor-element elementor-element-b8876b3 e-con-full e-flex e-con e-child\" data-id=\"b8876b3\" data-element_type=\"container\" data-e-type=\"container\">\n\t\t\t\t<div class=\"elementor-element elementor-element-b855c15 elementor-cta--skin-classic elementor-animated-content elementor-bg-transform elementor-bg-transform-zoom-in elementor-widget elementor-widget-call-to-action\" data-id=\"b855c15\" data-element_type=\"widget\" data-e-type=\"widget\" data-widget_type=\"call-to-action.default\">\n\t\t\t\t<div class=\"elementor-widget-container\">\n\t\t\t\t\t<style>.elementor-element-b855c15{display:none !important}<\/style>\t\t\t\t<\/div>\n\t\t\t\t<\/div>\n\t\t\t\t<div class=\"elementor-element elementor-element-42d7045 elementor-cta--skin-classic elementor-animated-content elementor-bg-transform elementor-bg-transform-zoom-in elementor-widget elementor-widget-call-to-action\" data-id=\"42d7045\" data-element_type=\"widget\" data-e-type=\"widget\" data-widget_type=\"call-to-action.default\">\n\t\t\t\t<div class=\"elementor-widget-container\">\n\t\t\t\t\t\t\t<div class=\"elementor-cta\">\n\t\t\t\t\t<div class=\"elementor-cta__bg-wrapper\">\n\t\t\t\t<div class=\"elementor-cta__bg elementor-bg\" style=\"background-image: url(https:\/\/dmsi-mnei.ca\/wp-content\/uploads\/2023\/03\/DMSI-Toolkit-FR-Jan-2023-1.png);\" role=\"img\" aria-label=\"couverture de la trousse \u00e0 outils MNEI\"><\/div>\n\t\t\t\t<div class=\"elementor-cta__bg-overlay\"><\/div>\n\t\t\t<\/div>\n\t\t\t\t\t\t\t<div class=\"elementor-cta__content\">\n\t\t\t\t\n\t\t\t\t\t\t\t\t\t<h2 class=\"elementor-cta__title elementor-cta__content-item elementor-content-item\">\n\t\t\t\t\t\tBo\u00eete \u00e0 outils pour les messages num\u00e9riques\t\t\t\t\t<\/h2>\n\t\t\t\t\n\t\t\t\t\t\t\t\t\t<div class=\"elementor-cta__description elementor-cta__content-item elementor-content-item\">\n\t\t\t\t\t\tGuide \u00e9tape par \u00e9tape sur l\u2019utilisation des applications de messages num\u00e9riques pour soutenir les personnes nouvellement arriv\u00e9es, notre bo\u00eete \u00e0 outils MNEI couvre tous les sujets, du choix de la plateforme \u00e0 l\u2019\u00e9valuation de votre r\u00e9ussite et de votre impact en passant par les lignes directrices de la communaut\u00e9. T\u00e9l\u00e9chargez la bo\u00eete \u00e0 outils d\u00e8s aujourd\u2019hui et commencez \u00e0 soutenir l\u2019\u00e9tablissement des personnes r\u00e9cemment arriv\u00e9es.\t\t\t\t\t<\/div>\n\t\t\t\t\n\t\t\t\t\t\t\t\t\t<div class=\"elementor-cta__button-wrapper elementor-cta__content-item elementor-content-item \">\n\t\t\t\t\t<a class=\"elementor-cta__button elementor-button elementor-size-\" href=\"https:\/\/dmsi-mnei.ca\/download\/5109\/?tmstv=1678487641\">\n\t\t\t\t\t\tT\u00e9l\u00e9charger la bo\u00eete \u00e0 outils MNEI [en PDF]\t\t\t\t\t<\/a>\n\t\t\t\t\t<\/div>\n\t\t\t\t\t\t\t<\/div>\n\t\t\t\t\t\t<\/div>\n\t\t\t\t\t\t<\/div>\n\t\t\t\t<\/div>\n\t\t\t\t<\/div>\n\t\t<div class=\"elementor-element elementor-element-e59cc8e e-con-full e-flex e-con e-child\" data-id=\"e59cc8e\" data-element_type=\"container\" data-e-type=\"container\">\n\t\t\t\t<div class=\"elementor-element elementor-element-2d8800b elementor-cta--skin-classic elementor-animated-content elementor-bg-transform elementor-bg-transform-zoom-in elementor-widget elementor-widget-call-to-action\" data-id=\"2d8800b\" data-element_type=\"widget\" data-e-type=\"widget\" data-widget_type=\"call-to-action.default\">\n\t\t\t\t<div class=\"elementor-widget-container\">\n\t\t\t\t\t\t\t<div class=\"elementor-cta\">\n\t\t\t\t\t<div class=\"elementor-cta__bg-wrapper\">\n\t\t\t\t<div class=\"elementor-cta__bg elementor-bg\" style=\"background-image: url(https:\/\/dmsi-mnei.ca\/wp-content\/uploads\/2023\/05\/FamilyPhoto-1024x683.jpeg);\" role=\"img\" aria-label=\"A man pointing and smiling beside a little girl looking where he&#039;s pointing and smiling\"><\/div>\n\t\t\t\t<div class=\"elementor-cta__bg-overlay\"><\/div>\n\t\t\t<\/div>\n\t\t\t\t\t\t\t<div class=\"elementor-cta__content\">\n\t\t\t\t\n\t\t\t\t\t\t\t\t\t<h2 class=\"elementor-cta__title elementor-cta__content-item elementor-content-item\">\n\t\t\t\t\t\tTools &amp; Tactics for Newcomer Integration: Key takeaways from the Digital Messaging Summit\t\t\t\t\t<\/h2>\n\t\t\t\t\n\t\t\t\t\t\t\t\t\t<div class=\"elementor-cta__description elementor-cta__content-item elementor-content-item\">\n\t\t\t\t\t\tIn 2021, experts from across Canada came together to share knowledge about how to leverage digital messaging to help newcomer communities.\n\nPresentations covered topics from how to choose the right messaging platform to how to handle mis- and dis-information in your online community.\t\t\t\t\t<\/div>\n\t\t\t\t\n\t\t\t\t\t\t\t\t\t<div class=\"elementor-cta__button-wrapper elementor-cta__content-item elementor-content-item \">\n\t\t\t\t\t<a class=\"elementor-cta__button elementor-button elementor-size-\" href=\"https:\/\/dmsi-mnei.ca\/resources\/digital-messaging-for-settlement-summit\">\n\t\t\t\t\t\tWatch the presentations\t\t\t\t\t<\/a>\n\t\t\t\t\t<\/div>\n\t\t\t\t\t\t\t<\/div>\n\t\t\t\t\t\t<\/div>\n\t\t\t\t\t\t<\/div>\n\t\t\t\t<\/div>\n\t\t\t\t<\/div>\n\t\t\t\t\t<\/div>\n\t\t\t\t<\/div>\n\t\t<div class=\"elementor-element elementor-element-89cc541 e-flex e-con-boxed e-con e-parent\" data-id=\"89cc541\" data-element_type=\"container\" data-e-type=\"container\">\n\t\t\t\t\t<div class=\"e-con-inner\">\n\t\t\t\t<div class=\"elementor-element elementor-element-6e0a239 elementor-widget elementor-widget-spacer\" data-id=\"6e0a239\" data-element_type=\"widget\" data-e-type=\"widget\" data-widget_type=\"spacer.default\">\n\t\t\t\t<div class=\"elementor-widget-container\">\n\t\t\t\t\t\t\t<div class=\"elementor-spacer\">\n\t\t\t<div class=\"elementor-spacer-inner\"><\/div>\n\t\t<\/div>\n\t\t\t\t\t\t<\/div>\n\t\t\t\t<\/div>\n\t\t\t\t\t<\/div>\n\t\t\t\t<\/div>\n\t\t\t\t<\/div>\n\t\t","protected":false},"excerpt":{"rendered":"<p>Everything you need to successfully run a digital messaging initiative and connect newcomers with the right information at the right time, where they are. Digital Messaging Toolkit A step-by-step guide on using digital messaging apps to support newcomers, our DMSI toolkit covers everything from platform choice and community guidelines to evaluating your success and impact. [&hellip;]<\/p>\n","protected":false},"author":4,"featured_media":0,"parent":0,"menu_order":0,"comment_status":"closed","ping_status":"closed","template":"","meta":{"footnotes":""},"class_list":["post-5002","page","type-page","status-publish","hentry"],"yoast_head":"<!-- This site is optimized with the Yoast SEO plugin v27.4 - https:\/\/yoast.com\/product\/yoast-seo-wordpress\/ -->\n<title>How to start your own digital messaging service - Digital Messaging for Settlement and Integration (DMSI)<\/title>\n<meta name=\"robots\" content=\"index, follow, max-snippet:-1, max-image-preview:large, max-video-preview:-1\" \/>\n<link rel=\"canonical\" href=\"https:\/\/dmsi-mnei.ca\/fr\/resources\/\" \/>\n<meta property=\"og:locale\" content=\"fr_CA\" \/>\n<meta property=\"og:type\" content=\"article\" \/>\n<meta property=\"og:title\" content=\"How to start your own digital messaging service - Digital Messaging for Settlement and Integration (DMSI)\" \/>\n<meta property=\"og:description\" content=\"Everything you need to successfully run a digital messaging initiative and connect newcomers with the right information at the right time, where they are. Digital Messaging Toolkit A step-by-step guide on using digital messaging apps to support newcomers, our DMSI toolkit covers everything from platform choice and community guidelines to evaluating your success and impact. [&hellip;]\" \/>\n<meta property=\"og:url\" content=\"https:\/\/dmsi-mnei.ca\/fr\/resources\/\" \/>\n<meta property=\"og:site_name\" content=\"Digital Messaging for Settlement and Integration (DMSI)\" \/>\n<meta property=\"article:modified_time\" content=\"2023-05-24T16:17:50+00:00\" \/>\n<meta name=\"twitter:card\" content=\"summary_large_image\" \/>\n<meta name=\"twitter:label1\" content=\"Estimation du temps de lecture\" \/>\n\t<meta name=\"twitter:data1\" content=\"1 minute\" \/>\n<script type=\"application\/ld+json\" class=\"yoast-schema-graph\">{\"@context\":\"https:\\\/\\\/schema.org\",\"@graph\":[{\"@type\":\"WebPage\",\"@id\":\"https:\\\/\\\/dmsi-mnei.ca\\\/resources\\\/\",\"url\":\"https:\\\/\\\/dmsi-mnei.ca\\\/resources\\\/\",\"name\":\"How to start your own digital messaging service - Digital Messaging for Settlement and Integration (DMSI)\",\"isPartOf\":{\"@id\":\"https:\\\/\\\/dmsi-mnei.ca\\\/#website\"},\"datePublished\":\"2023-02-18T06:13:46+00:00\",\"dateModified\":\"2023-05-24T16:17:50+00:00\",\"breadcrumb\":{\"@id\":\"https:\\\/\\\/dmsi-mnei.ca\\\/resources\\\/#breadcrumb\"},\"inLanguage\":\"fr-CA\",\"potentialAction\":[{\"@type\":\"ReadAction\",\"target\":[\"https:\\\/\\\/dmsi-mnei.ca\\\/resources\\\/\"]}]},{\"@type\":\"BreadcrumbList\",\"@id\":\"https:\\\/\\\/dmsi-mnei.ca\\\/resources\\\/#breadcrumb\",\"itemListElement\":[{\"@type\":\"ListItem\",\"position\":1,\"name\":\"Home\",\"item\":\"https:\\\/\\\/dmsi-mnei.ca\\\/\"},{\"@type\":\"ListItem\",\"position\":2,\"name\":\"How to start your own digital messaging service\"}]},{\"@type\":\"WebSite\",\"@id\":\"https:\\\/\\\/dmsi-mnei.ca\\\/#website\",\"url\":\"https:\\\/\\\/dmsi-mnei.ca\\\/\",\"name\":\"Digital Messaging for Settlement and Integration (DMSI)\",\"description\":\"\",\"publisher\":{\"@id\":\"https:\\\/\\\/dmsi-mnei.ca\\\/#organization\"},\"potentialAction\":[{\"@type\":\"SearchAction\",\"target\":{\"@type\":\"EntryPoint\",\"urlTemplate\":\"https:\\\/\\\/dmsi-mnei.ca\\\/?s={search_term_string}\"},\"query-input\":{\"@type\":\"PropertyValueSpecification\",\"valueRequired\":true,\"valueName\":\"search_term_string\"}}],\"inLanguage\":\"fr-CA\"},{\"@type\":\"Organization\",\"@id\":\"https:\\\/\\\/dmsi-mnei.ca\\\/#organization\",\"name\":\"Digital Messaging for Settlement and Integration (DMSI)\",\"url\":\"https:\\\/\\\/dmsi-mnei.ca\\\/\",\"logo\":{\"@type\":\"ImageObject\",\"inLanguage\":\"fr-CA\",\"@id\":\"https:\\\/\\\/dmsi-mnei.ca\\\/#\\\/schema\\\/logo\\\/image\\\/\",\"url\":\"https:\\\/\\\/dmsi-mnei.ca\\\/wp-content\\\/uploads\\\/2019\\\/10\\\/DMSI-Logo-Full-Colour.png\",\"contentUrl\":\"https:\\\/\\\/dmsi-mnei.ca\\\/wp-content\\\/uploads\\\/2019\\\/10\\\/DMSI-Logo-Full-Colour.png\",\"width\":2400,\"height\":1263,\"caption\":\"Digital Messaging for Settlement and Integration (DMSI)\"},\"image\":{\"@id\":\"https:\\\/\\\/dmsi-mnei.ca\\\/#\\\/schema\\\/logo\\\/image\\\/\"}}]}<\/script>\n<!-- \/ Yoast SEO plugin. -->","yoast_head_json":{"title":"How to start your own digital messaging service - Digital Messaging for Settlement and Integration (DMSI)","robots":{"index":"index","follow":"follow","max-snippet":"max-snippet:-1","max-image-preview":"max-image-preview:large","max-video-preview":"max-video-preview:-1"},"canonical":"https:\/\/dmsi-mnei.ca\/fr\/resources\/","og_locale":"fr_CA","og_type":"article","og_title":"How to start your own digital messaging service - Digital Messaging for Settlement and Integration (DMSI)","og_description":"Everything you need to successfully run a digital messaging initiative and connect newcomers with the right information at the right time, where they are. Digital Messaging Toolkit A step-by-step guide on using digital messaging apps to support newcomers, our DMSI toolkit covers everything from platform choice and community guidelines to evaluating your success and impact. [&hellip;]","og_url":"https:\/\/dmsi-mnei.ca\/fr\/resources\/","og_site_name":"Digital Messaging for Settlement and Integration (DMSI)","article_modified_time":"2023-05-24T16:17:50+00:00","twitter_card":"summary_large_image","twitter_misc":{"Estimation du temps de lecture":"1 minute"},"schema":{"@context":"https:\/\/schema.org","@graph":[{"@type":"WebPage","@id":"https:\/\/dmsi-mnei.ca\/resources\/","url":"https:\/\/dmsi-mnei.ca\/resources\/","name":"How to start your own digital messaging service - Digital Messaging for Settlement and Integration (DMSI)","isPartOf":{"@id":"https:\/\/dmsi-mnei.ca\/#website"},"datePublished":"2023-02-18T06:13:46+00:00","dateModified":"2023-05-24T16:17:50+00:00","breadcrumb":{"@id":"https:\/\/dmsi-mnei.ca\/resources\/#breadcrumb"},"inLanguage":"fr-CA","potentialAction":[{"@type":"ReadAction","target":["https:\/\/dmsi-mnei.ca\/resources\/"]}]},{"@type":"BreadcrumbList","@id":"https:\/\/dmsi-mnei.ca\/resources\/#breadcrumb","itemListElement":[{"@type":"ListItem","position":1,"name":"Home","item":"https:\/\/dmsi-mnei.ca\/"},{"@type":"ListItem","position":2,"name":"How to start your own digital messaging service"}]},{"@type":"WebSite","@id":"https:\/\/dmsi-mnei.ca\/#website","url":"https:\/\/dmsi-mnei.ca\/","name":"Messages num\u00e9riques pour\nl\u2019\u00e9tablissement et l\u2019int\u00e9gration (MNEI)","description":"","publisher":{"@id":"https:\/\/dmsi-mnei.ca\/#organization"},"potentialAction":[{"@type":"SearchAction","target":{"@type":"EntryPoint","urlTemplate":"https:\/\/dmsi-mnei.ca\/?s={search_term_string}"},"query-input":{"@type":"PropertyValueSpecification","valueRequired":true,"valueName":"search_term_string"}}],"inLanguage":"fr-CA"},{"@type":"Organization","@id":"https:\/\/dmsi-mnei.ca\/#organization","name":"Messages num\u00e9riques pour\nl\u2019\u00e9tablissement et l\u2019int\u00e9gration (MNEI)","url":"https:\/\/dmsi-mnei.ca\/","logo":{"@type":"ImageObject","inLanguage":"fr-CA","@id":"https:\/\/dmsi-mnei.ca\/#\/schema\/logo\/image\/","url":"https:\/\/dmsi-mnei.ca\/wp-content\/uploads\/2019\/10\/DMSI-Logo-Full-Colour.png","contentUrl":"https:\/\/dmsi-mnei.ca\/wp-content\/uploads\/2019\/10\/DMSI-Logo-Full-Colour.png","width":2400,"height":1263,"caption":"Digital Messaging for Settlement and Integration (DMSI)"},"image":{"@id":"https:\/\/dmsi-mnei.ca\/#\/schema\/logo\/image\/"}}]}},"_links":{"self":[{"href":"https:\/\/dmsi-mnei.ca\/fr\/wp-json\/wp\/v2\/pages\/5002","targetHints":{"allow":["GET"]}}],"collection":[{"href":"https:\/\/dmsi-mnei.ca\/fr\/wp-json\/wp\/v2\/pages"}],"about":[{"href":"https:\/\/dmsi-mnei.ca\/fr\/wp-json\/wp\/v2\/types\/page"}],"author":[{"embeddable":true,"href":"https:\/\/dmsi-mnei.ca\/fr\/wp-json\/wp\/v2\/users\/4"}],"replies":[{"embeddable":true,"href":"https:\/\/dmsi-mnei.ca\/fr\/wp-json\/wp\/v2\/comments?post=5002"}],"version-history":[{"count":76,"href":"https:\/\/dmsi-mnei.ca\/fr\/wp-json\/wp\/v2\/pages\/5002\/revisions"}],"predecessor-version":[{"id":5590,"href":"https:\/\/dmsi-mnei.ca\/fr\/wp-json\/wp\/v2\/pages\/5002\/revisions\/5590"}],"wp:attachment":[{"href":"https:\/\/dmsi-mnei.ca\/fr\/wp-json\/wp\/v2\/media?parent=5002"}],"curies":[{"name":"wp","href":"https:\/\/api.w.org\/{rel}","templated":true}]}}