{"id":5186,"date":"2023-03-12T20:18:44","date_gmt":"2023-03-13T00:18:44","guid":{"rendered":"https:\/\/dmsi-mnei.ca\/?page_id=5186"},"modified":"2023-03-12T20:29:56","modified_gmt":"2023-03-13T00:29:56","slug":"dmsi-toolkit","status":"publish","type":"page","link":"https:\/\/dmsi-mnei.ca\/fr\/resources\/dmsi-toolkit\/","title":{"rendered":"Trousse \u00e0 outils MNEI"},"content":{"rendered":"\n<p>A step-by-step guide on using digital messaging apps to support newcomers, our DMSI toolkit covers everything from platform choice and community guidelines to evaluating your success and impact. Download the toolkit today and start your journey in supporting newcomer settlement.<\/p>\n\n\n\n<div class=\"wp-block-buttons is-layout-flex wp-block-buttons-is-layout-flex\">\n<div class=\"wp-block-button\"><a class=\"wp-block-button__link\" href=\"https:\/\/dmsi-mnei.ca\/download\/5004\/?tmstv=1678401489\">Download the toolkit [PDF]<\/a><\/div>\n<\/div>\n","protected":false},"excerpt":{"rendered":"<p>Guide \u00e9tape par \u00e9tape sur l'utilisation des applications de messagerie num\u00e9rique pour soutenir les nouveaux arrivants, notre kit d'outils MNEI couvre tous les aspects, du choix de la plateforme et des directives communautaires \u00e0 l'\u00e9valuation de votre succ\u00e8s et de votre impact. T\u00e9l\u00e9chargez la bo\u00eete \u00e0 outils d\u00e8s aujourd'hui et commencez \u00e0 soutenir l'\u00e9tablissement des nouveaux arrivants.<\/p>","protected":false},"author":4,"featured_media":0,"parent":5002,"menu_order":0,"comment_status":"closed","ping_status":"closed","template":"","meta":{"footnotes":""},"class_list":["post-5186","page","type-page","status-publish","hentry"],"yoast_head":"<!-- This site is optimized with the Yoast SEO plugin v27.4 - https:\/\/yoast.com\/product\/yoast-seo-wordpress\/ -->\n<title>DMSI Toolkit - Digital Messaging for Settlement and Integration (DMSI)<\/title>\n<meta name=\"robots\" content=\"index, follow, max-snippet:-1, max-image-preview:large, max-video-preview:-1\" \/>\n<link rel=\"canonical\" href=\"https:\/\/dmsi-mnei.ca\/fr\/resources\/dmsi-toolkit\/\" \/>\n<meta property=\"og:locale\" content=\"fr_CA\" \/>\n<meta property=\"og:type\" content=\"article\" \/>\n<meta property=\"og:title\" content=\"DMSI Toolkit - Digital Messaging for Settlement and Integration (DMSI)\" \/>\n<meta property=\"og:description\" content=\"A step-by-step guide on using digital messaging apps to support newcomers, our DMSI toolkit covers everything from platform choice and community guidelines to evaluating your success and impact. Download the toolkit today and start your journey in supporting newcomer settlement.\" \/>\n<meta property=\"og:url\" content=\"https:\/\/dmsi-mnei.ca\/fr\/resources\/dmsi-toolkit\/\" \/>\n<meta property=\"og:site_name\" content=\"Digital Messaging for Settlement and Integration (DMSI)\" \/>\n<meta property=\"article:modified_time\" content=\"2023-03-13T00:29:56+00:00\" \/>\n<meta name=\"twitter:card\" content=\"summary_large_image\" \/>\n<meta name=\"twitter:label1\" content=\"Estimation du temps de lecture\" \/>\n\t<meta name=\"twitter:data1\" content=\"1 minute\" \/>\n<script type=\"application\/ld+json\" class=\"yoast-schema-graph\">{\"@context\":\"https:\\\/\\\/schema.org\",\"@graph\":[{\"@type\":\"WebPage\",\"@id\":\"https:\\\/\\\/dmsi-mnei.ca\\\/resources\\\/dmsi-toolkit\\\/\",\"url\":\"https:\\\/\\\/dmsi-mnei.ca\\\/resources\\\/dmsi-toolkit\\\/\",\"name\":\"DMSI Toolkit - Digital Messaging for Settlement and Integration (DMSI)\",\"isPartOf\":{\"@id\":\"https:\\\/\\\/dmsi-mnei.ca\\\/#website\"},\"datePublished\":\"2023-03-13T00:18:44+00:00\",\"dateModified\":\"2023-03-13T00:29:56+00:00\",\"breadcrumb\":{\"@id\":\"https:\\\/\\\/dmsi-mnei.ca\\\/resources\\\/dmsi-toolkit\\\/#breadcrumb\"},\"inLanguage\":\"fr-CA\",\"potentialAction\":[{\"@type\":\"ReadAction\",\"target\":[\"https:\\\/\\\/dmsi-mnei.ca\\\/resources\\\/dmsi-toolkit\\\/\"]}]},{\"@type\":\"BreadcrumbList\",\"@id\":\"https:\\\/\\\/dmsi-mnei.ca\\\/resources\\\/dmsi-toolkit\\\/#breadcrumb\",\"itemListElement\":[{\"@type\":\"ListItem\",\"position\":1,\"name\":\"Home\",\"item\":\"https:\\\/\\\/dmsi-mnei.ca\\\/\"},{\"@type\":\"ListItem\",\"position\":2,\"name\":\"How to start your own digital messaging service\",\"item\":\"https:\\\/\\\/dmsi-mnei.ca\\\/resources\\\/\"},{\"@type\":\"ListItem\",\"position\":3,\"name\":\"DMSI Toolkit\"}]},{\"@type\":\"WebSite\",\"@id\":\"https:\\\/\\\/dmsi-mnei.ca\\\/#website\",\"url\":\"https:\\\/\\\/dmsi-mnei.ca\\\/\",\"name\":\"Digital Messaging for Settlement and Integration (DMSI)\",\"description\":\"\",\"publisher\":{\"@id\":\"https:\\\/\\\/dmsi-mnei.ca\\\/#organization\"},\"potentialAction\":[{\"@type\":\"SearchAction\",\"target\":{\"@type\":\"EntryPoint\",\"urlTemplate\":\"https:\\\/\\\/dmsi-mnei.ca\\\/?s={search_term_string}\"},\"query-input\":{\"@type\":\"PropertyValueSpecification\",\"valueRequired\":true,\"valueName\":\"search_term_string\"}}],\"inLanguage\":\"fr-CA\"},{\"@type\":\"Organization\",\"@id\":\"https:\\\/\\\/dmsi-mnei.ca\\\/#organization\",\"name\":\"Digital Messaging for Settlement and Integration (DMSI)\",\"url\":\"https:\\\/\\\/dmsi-mnei.ca\\\/\",\"logo\":{\"@type\":\"ImageObject\",\"inLanguage\":\"fr-CA\",\"@id\":\"https:\\\/\\\/dmsi-mnei.ca\\\/#\\\/schema\\\/logo\\\/image\\\/\",\"url\":\"https:\\\/\\\/dmsi-mnei.ca\\\/wp-content\\\/uploads\\\/2019\\\/10\\\/DMSI-Logo-Full-Colour.png\",\"contentUrl\":\"https:\\\/\\\/dmsi-mnei.ca\\\/wp-content\\\/uploads\\\/2019\\\/10\\\/DMSI-Logo-Full-Colour.png\",\"width\":2400,\"height\":1263,\"caption\":\"Digital Messaging for Settlement and Integration (DMSI)\"},\"image\":{\"@id\":\"https:\\\/\\\/dmsi-mnei.ca\\\/#\\\/schema\\\/logo\\\/image\\\/\"}}]}<\/script>\n<!-- \/ Yoast SEO plugin. -->","yoast_head_json":{"title":"DMSI Toolkit - Digital Messaging for Settlement and Integration (DMSI)","robots":{"index":"index","follow":"follow","max-snippet":"max-snippet:-1","max-image-preview":"max-image-preview:large","max-video-preview":"max-video-preview:-1"},"canonical":"https:\/\/dmsi-mnei.ca\/fr\/resources\/dmsi-toolkit\/","og_locale":"fr_CA","og_type":"article","og_title":"DMSI Toolkit - Digital Messaging for Settlement and Integration (DMSI)","og_description":"A step-by-step guide on using digital messaging apps to support newcomers, our DMSI toolkit covers everything from platform choice and community guidelines to evaluating your success and impact. Download the toolkit today and start your journey in supporting newcomer settlement.","og_url":"https:\/\/dmsi-mnei.ca\/fr\/resources\/dmsi-toolkit\/","og_site_name":"Digital Messaging for Settlement and Integration (DMSI)","article_modified_time":"2023-03-13T00:29:56+00:00","twitter_card":"summary_large_image","twitter_misc":{"Estimation du temps de lecture":"1 minute"},"schema":{"@context":"https:\/\/schema.org","@graph":[{"@type":"WebPage","@id":"https:\/\/dmsi-mnei.ca\/resources\/dmsi-toolkit\/","url":"https:\/\/dmsi-mnei.ca\/resources\/dmsi-toolkit\/","name":"DMSI Toolkit - Digital Messaging for Settlement and Integration (DMSI)","isPartOf":{"@id":"https:\/\/dmsi-mnei.ca\/#website"},"datePublished":"2023-03-13T00:18:44+00:00","dateModified":"2023-03-13T00:29:56+00:00","breadcrumb":{"@id":"https:\/\/dmsi-mnei.ca\/resources\/dmsi-toolkit\/#breadcrumb"},"inLanguage":"fr-CA","potentialAction":[{"@type":"ReadAction","target":["https:\/\/dmsi-mnei.ca\/resources\/dmsi-toolkit\/"]}]},{"@type":"BreadcrumbList","@id":"https:\/\/dmsi-mnei.ca\/resources\/dmsi-toolkit\/#breadcrumb","itemListElement":[{"@type":"ListItem","position":1,"name":"Home","item":"https:\/\/dmsi-mnei.ca\/"},{"@type":"ListItem","position":2,"name":"How to start your own digital messaging service","item":"https:\/\/dmsi-mnei.ca\/resources\/"},{"@type":"ListItem","position":3,"name":"DMSI Toolkit"}]},{"@type":"WebSite","@id":"https:\/\/dmsi-mnei.ca\/#website","url":"https:\/\/dmsi-mnei.ca\/","name":"Messages num\u00e9riques pour\nl\u2019\u00e9tablissement et l\u2019int\u00e9gration (MNEI)","description":"","publisher":{"@id":"https:\/\/dmsi-mnei.ca\/#organization"},"potentialAction":[{"@type":"SearchAction","target":{"@type":"EntryPoint","urlTemplate":"https:\/\/dmsi-mnei.ca\/?s={search_term_string}"},"query-input":{"@type":"PropertyValueSpecification","valueRequired":true,"valueName":"search_term_string"}}],"inLanguage":"fr-CA"},{"@type":"Organization","@id":"https:\/\/dmsi-mnei.ca\/#organization","name":"Messages num\u00e9riques pour\nl\u2019\u00e9tablissement et l\u2019int\u00e9gration (MNEI)","url":"https:\/\/dmsi-mnei.ca\/","logo":{"@type":"ImageObject","inLanguage":"fr-CA","@id":"https:\/\/dmsi-mnei.ca\/#\/schema\/logo\/image\/","url":"https:\/\/dmsi-mnei.ca\/wp-content\/uploads\/2019\/10\/DMSI-Logo-Full-Colour.png","contentUrl":"https:\/\/dmsi-mnei.ca\/wp-content\/uploads\/2019\/10\/DMSI-Logo-Full-Colour.png","width":2400,"height":1263,"caption":"Digital Messaging for Settlement and Integration (DMSI)"},"image":{"@id":"https:\/\/dmsi-mnei.ca\/#\/schema\/logo\/image\/"}}]}},"_links":{"self":[{"href":"https:\/\/dmsi-mnei.ca\/fr\/wp-json\/wp\/v2\/pages\/5186","targetHints":{"allow":["GET"]}}],"collection":[{"href":"https:\/\/dmsi-mnei.ca\/fr\/wp-json\/wp\/v2\/pages"}],"about":[{"href":"https:\/\/dmsi-mnei.ca\/fr\/wp-json\/wp\/v2\/types\/page"}],"author":[{"embeddable":true,"href":"https:\/\/dmsi-mnei.ca\/fr\/wp-json\/wp\/v2\/users\/4"}],"replies":[{"embeddable":true,"href":"https:\/\/dmsi-mnei.ca\/fr\/wp-json\/wp\/v2\/comments?post=5186"}],"version-history":[{"count":4,"href":"https:\/\/dmsi-mnei.ca\/fr\/wp-json\/wp\/v2\/pages\/5186\/revisions"}],"predecessor-version":[{"id":5191,"href":"https:\/\/dmsi-mnei.ca\/fr\/wp-json\/wp\/v2\/pages\/5186\/revisions\/5191"}],"up":[{"embeddable":true,"href":"https:\/\/dmsi-mnei.ca\/fr\/wp-json\/wp\/v2\/pages\/5002"}],"wp:attachment":[{"href":"https:\/\/dmsi-mnei.ca\/fr\/wp-json\/wp\/v2\/media?parent=5186"}],"curies":[{"name":"wp","href":"https:\/\/api.w.org\/{rel}","templated":true}]}}