{"id":5210,"date":"2023-03-15T20:22:38","date_gmt":"2023-03-16T00:22:38","guid":{"rendered":"https:\/\/dmsi-mnei.ca\/?page_id=5210"},"modified":"2023-03-17T18:23:34","modified_gmt":"2023-03-17T22:23:34","slug":"home","status":"publish","type":"page","link":"https:\/\/dmsi-mnei.ca\/fr\/","title":{"rendered":"Messages num\u00e9riques pour\nl\u2019\u00e9tablissement et l\u2019int\u00e9gration (MNEI)"},"content":{"rendered":"<div data-elementor-type=\"wp-post\" data-elementor-id=\"5210\" class=\"elementor elementor-5210\" data-elementor-post-type=\"page\">\n\t\t\t\t\t\t<section class=\"elementor-section elementor-top-section elementor-element elementor-element-f4c807d elementor-section-boxed elementor-section-height-default elementor-section-height-default\" data-id=\"f4c807d\" data-element_type=\"section\" data-e-type=\"section\">\n\t\t\t\t\t\t<div class=\"elementor-container elementor-column-gap-default\">\n\t\t\t\t\t<div class=\"elementor-column elementor-col-100 elementor-top-column elementor-element elementor-element-c6777b2\" data-id=\"c6777b2\" data-element_type=\"column\" data-e-type=\"column\">\n\t\t\t<div class=\"elementor-widget-wrap elementor-element-populated\">\n\t\t\t\t\t\t<div class=\"elementor-element elementor-element-ffff973 elementor-hidden-mobile elementor-widget elementor-widget-spacer\" data-id=\"ffff973\" data-element_type=\"widget\" data-e-type=\"widget\" data-widget_type=\"spacer.default\">\n\t\t\t\t<div class=\"elementor-widget-container\">\n\t\t\t\t\t\t\t<div class=\"elementor-spacer\">\n\t\t\t<div class=\"elementor-spacer-inner\"><\/div>\n\t\t<\/div>\n\t\t\t\t\t\t<\/div>\n\t\t\t\t<\/div>\n\t\t\t\t<section class=\"elementor-section elementor-inner-section elementor-element elementor-element-a96f4f6 elementor-section-boxed elementor-section-height-default elementor-section-height-default\" data-id=\"a96f4f6\" data-element_type=\"section\" data-e-type=\"section\">\n\t\t\t\t\t\t<div class=\"elementor-container elementor-column-gap-default\">\n\t\t\t\t\t<div class=\"elementor-column elementor-col-50 elementor-inner-column elementor-element elementor-element-52f5a87\" data-id=\"52f5a87\" data-element_type=\"column\" data-e-type=\"column\">\n\t\t\t<div class=\"elementor-widget-wrap elementor-element-populated\">\n\t\t\t\t\t\t<div class=\"elementor-element elementor-element-9e8c381 elementor-widget elementor-widget-text-editor\" data-id=\"9e8c381\" data-element_type=\"widget\" data-e-type=\"widget\" data-widget_type=\"text-editor.default\">\n\t\t\t\t<div class=\"elementor-widget-container\">\n\t\t\t\t\t\t\t\t\t<p style=\"margin-block: 0px; color: #000000; font-family: -apple-system, 'system-ui', 'Segoe UI', Roboto, Oxygen-Sans, Ubuntu, Cantarell, 'Helvetica Neue', sans-serif; font-size: 18px;\">Commencer une nouvelle vie dans un\nnouveau pays peut \u00eatre compliqu\u00e9 pour\nles nouvelles et nouveaux arrivants. C\u2019est\ndifficile pour eux de trouver l\u2019information\ndont ils ont besoin pour s\u2019\u00e9tablir. C\u2019est l\u00e0\nque Messages num\u00e9riques pour\nl\u2019\u00e9tablissement et l\u2019int\u00e9gration (MNEI)\npeut aider.<\/p><p style=\"margin-block: 1.5rem 0px; color: #000000; font-family: -apple-system, 'system-ui', 'Segoe UI', Roboto, Oxygen-Sans, Ubuntu, Cantarell, 'Helvetica Neue', sans-serif; font-size: 18px;\">L\u2019id\u00e9e de MNEI, c\u2019est d\u2019utiliser des outils de messagerie abordables et faciles d\u2019emploi comme WhatsApp, Facebook et Telegram pour am\u00e9liorer l\u2019exp\u00e9rience de r\u00e9(\u00e9tablissement) au Canada.<\/p><p style=\"margin-block: 1.5rem 0px; color: #000000; font-family: -apple-system, 'system-ui', 'Segoe UI', Roboto, Oxygen-Sans, Ubuntu, Cantarell, 'Helvetica Neue', sans-serif; font-size: 18px;\">MNEI a des ressources pour vous aider \u00e0\nconnecter les personnes r\u00e9cemment\narriv\u00e9es avec la bonne information, au\nbon moment, l\u00e0 o\u00f9 elles se trouvent. Avec\nMNEI, vous pouvez leur \u00e9viter de perdre\ndu temps et de l\u2019argent et de se stresser\nquand elles cherchent de l\u2019information et\n\u00e9viter aussi la m\u00e9sinformation dans les\ncommunaut\u00e9s de nouvelles et nouveaux\narrivants.<\/p>\t\t\t\t\t\t\t\t<\/div>\n\t\t\t\t<\/div>\n\t\t\t\t<div class=\"elementor-element elementor-element-e1c996c elementor-align-left elementor-mobile-align-center elementor-widget elementor-widget-button\" data-id=\"e1c996c\" data-element_type=\"widget\" data-e-type=\"widget\" data-widget_type=\"button.default\">\n\t\t\t\t<div class=\"elementor-widget-container\">\n\t\t\t\t\t\t\t\t\t<div class=\"elementor-button-wrapper\">\n\t\t\t\t\t<a class=\"elementor-button elementor-button-link elementor-size-sm\" href=\"https:\/\/dmsi-mnei.ca\/about\/\" id=\"more-about-dmsi\">\n\t\t\t\t\t\t<span class=\"elementor-button-content-wrapper\">\n\t\t\t\t\t\t\t\t\t<span class=\"elementor-button-text\">Plus d\u2019information sur MNEI<\/span>\n\t\t\t\t\t<\/span>\n\t\t\t\t\t<\/a>\n\t\t\t\t<\/div>\n\t\t\t\t\t\t\t\t<\/div>\n\t\t\t\t<\/div>\n\t\t\t\t\t<\/div>\n\t\t<\/div>\n\t\t\t\t<div class=\"elementor-column elementor-col-50 elementor-inner-column elementor-element elementor-element-37c4be8\" data-id=\"37c4be8\" data-element_type=\"column\" data-e-type=\"column\">\n\t\t\t<div class=\"elementor-widget-wrap elementor-element-populated\">\n\t\t\t\t\t\t<div class=\"elementor-element elementor-element-8883cfa elementor-hidden-mobile elementor-widget elementor-widget-image\" data-id=\"8883cfa\" data-element_type=\"widget\" data-e-type=\"widget\" data-widget_type=\"image.default\">\n\t\t\t\t<div class=\"elementor-widget-container\">\n\t\t\t\t\t\t\t\t\t\t\t\t\t\t\t<img fetchpriority=\"high\" decoding=\"async\" width=\"300\" height=\"300\" src=\"https:\/\/dmsi-mnei.ca\/wp-content\/uploads\/2020\/10\/homepage-slider_about-dmsi-300x300.jpg\" class=\"attachment-medium size-medium wp-image-4891\" alt=\"illustrated hand holding mobile phone\" srcset=\"https:\/\/dmsi-mnei.ca\/wp-content\/uploads\/2020\/10\/homepage-slider_about-dmsi-300x300.jpg 300w, https:\/\/dmsi-mnei.ca\/wp-content\/uploads\/2020\/10\/homepage-slider_about-dmsi-150x150.jpg 150w, https:\/\/dmsi-mnei.ca\/wp-content\/uploads\/2020\/10\/homepage-slider_about-dmsi-500x500.jpg 500w, https:\/\/dmsi-mnei.ca\/wp-content\/uploads\/2020\/10\/homepage-slider_about-dmsi-12x12.jpg 12w, https:\/\/dmsi-mnei.ca\/wp-content\/uploads\/2020\/10\/homepage-slider_about-dmsi-60x60.jpg 60w, https:\/\/dmsi-mnei.ca\/wp-content\/uploads\/2020\/10\/homepage-slider_about-dmsi.jpg 580w\" sizes=\"(max-width: 300px) 100vw, 300px\" \/>\t\t\t\t\t\t\t\t\t\t\t\t\t\t\t<\/div>\n\t\t\t\t<\/div>\n\t\t\t\t\t<\/div>\n\t\t<\/div>\n\t\t\t\t\t<\/div>\n\t\t<\/section>\n\t\t\t\t\t<\/div>\n\t\t<\/div>\n\t\t\t\t\t<\/div>\n\t\t<\/section>\n\t\t<div class=\"elementor-element elementor-element-6fce893 e-flex e-con-boxed e-con e-parent\" data-id=\"6fce893\" data-element_type=\"container\" data-e-type=\"container\">\n\t\t\t\t\t<div class=\"e-con-inner\">\n\t\t<div class=\"elementor-element elementor-element-42d7248 e-con-full e-flex e-con e-child\" data-id=\"42d7248\" data-element_type=\"container\" data-e-type=\"container\">\n\t\t\t\t<div class=\"elementor-element elementor-element-48b446b elementor-cta--skin-classic elementor-animated-content elementor-bg-transform elementor-bg-transform-zoom-in elementor-widget elementor-widget-call-to-action\" data-id=\"48b446b\" data-element_type=\"widget\" data-e-type=\"widget\" data-widget_type=\"call-to-action.default\">\n\t\t\t\t<div class=\"elementor-widget-container\">\n\t\t\t\t\t\t\t<div class=\"elementor-cta\">\n\t\t\t\t\t<div class=\"elementor-cta__bg-wrapper\">\n\t\t\t\t<div class=\"elementor-cta__bg elementor-bg\" style=\"background-image: url(https:\/\/dmsi-mnei.ca\/wp-content\/uploads\/2019\/10\/shutterstock_1432770269.jpg);\" role=\"img\" aria-label=\"group with mobile devices\"><\/div>\n\t\t\t\t<div class=\"elementor-cta__bg-overlay\"><\/div>\n\t\t\t<\/div>\n\t\t\t\t\t\t\t<div class=\"elementor-cta__content\">\n\t\t\t\t\n\t\t\t\t\t\t\t\t\t<h2 class=\"elementor-cta__title elementor-cta__content-item elementor-content-item\">\n\t\t\t\t\t\tVous aimeriez \u00e9tablir une communaut\u00e9 de soutien pour les nouvelles et nouveaux arrivants, les groupes de parrainage ou les travailleurs sociaux?\t\t\t\t\t<\/h2>\n\t\t\t\t\n\t\t\t\t\n\t\t\t\t\t\t\t\t\t<div class=\"elementor-cta__button-wrapper elementor-cta__content-item elementor-content-item\">\n\t\t\t\t\t<a class=\"elementor-cta__button elementor-button elementor-size-\" href=\"https:\/\/dmsi-mnei.ca\/resources\/\">\n\t\t\t\t\t\tCommencez avec ces ressources\t\t\t\t\t<\/a>\n\t\t\t\t\t<\/div>\n\t\t\t\t\t\t\t<\/div>\n\t\t\t\t\t\t<\/div>\n\t\t\t\t\t\t<\/div>\n\t\t\t\t<\/div>\n\t\t\t\t<\/div>\n\t\t<div class=\"elementor-element elementor-element-22b9be1 e-con-full e-flex e-con e-child\" data-id=\"22b9be1\" data-element_type=\"container\" data-e-type=\"container\">\n\t\t\t\t<div class=\"elementor-element elementor-element-48e82f9 elementor-cta--skin-classic elementor-animated-content elementor-bg-transform elementor-bg-transform-zoom-in elementor-widget elementor-widget-call-to-action\" data-id=\"48e82f9\" data-element_type=\"widget\" data-e-type=\"widget\" data-widget_type=\"call-to-action.default\">\n\t\t\t\t<div class=\"elementor-widget-container\">\n\t\t\t\t\t\t\t<div class=\"elementor-cta\">\n\t\t\t\t\t<div class=\"elementor-cta__bg-wrapper\">\n\t\t\t\t<div class=\"elementor-cta__bg elementor-bg\" style=\"background-image: url(https:\/\/dmsi-mnei.ca\/wp-content\/uploads\/2023\/03\/logo-telegram.png);\" role=\"img\" aria-label=\"Telegram logo\"><\/div>\n\t\t\t\t<div class=\"elementor-cta__bg-overlay\"><\/div>\n\t\t\t<\/div>\n\t\t\t\t\t\t\t<div class=\"elementor-cta__content\">\n\t\t\t\t\n\t\t\t\t\t\t\t\t\t<h2 class=\"elementor-cta__title elementor-cta__content-item elementor-content-item\">\n\t\t\t\t\t\tFournir de l\u2019information en dari et pachto aux nouvelles et nouveaux arrivants Afghans \u00e0 travers le Canada\t\t\t\t\t<\/h2>\n\t\t\t\t\n\t\t\t\t\t\t\t\t\t<div class=\"elementor-cta__description elementor-cta__content-item elementor-content-item\">\n\t\t\t\t\t\tNous utilisons un groupe Telegram priv\u00e9 pour mettre en relation les nouveaux arrivants \u00e0 travers le Canada avec des informations sur les services d'\u00e9tablissement en dari et en pachto.\t\t\t\t\t<\/div>\n\t\t\t\t\n\t\t\t\t\t\t\t\t\t<div class=\"elementor-cta__button-wrapper elementor-cta__content-item elementor-content-item\">\n\t\t\t\t\t<a class=\"elementor-cta__button elementor-button elementor-size-\" href=\"https:\/\/dmsi-mnei.ca\/pilots\/afghan-digital-service\">\n\t\t\t\t\t\tJoignez-vous au service pilote de messagerie pour les Afghanes et les Afghans\t\t\t\t\t<\/a>\n\t\t\t\t\t<\/div>\n\t\t\t\t\t\t\t<\/div>\n\t\t\t\t\t\t<\/div>\n\t\t\t\t\t\t<\/div>\n\t\t\t\t<\/div>\n\t\t\t\t<\/div>\n\t\t\t\t\t<\/div>\n\t\t\t\t<\/div>\n\t\t\t\t<\/div>","protected":false},"excerpt":{"rendered":"<p>Starting a new life in a new country can be challenging for newcomers, including immigrants and refugees. It\u2019s difficult for them to find the information they need to get settled. That\u2019s where Digital Messaging for Settlement and Integration (DMSI) can help. DMSI is all about using affordable and easy-to-use messaging tools like WhatsApp, Facebook, and [&hellip;]<\/p>\n","protected":false},"author":4,"featured_media":0,"parent":0,"menu_order":0,"comment_status":"closed","ping_status":"closed","template":"","meta":{"footnotes":""},"class_list":["post-5210","page","type-page","status-publish","hentry"],"yoast_head":"<!-- This site is optimized with the Yoast SEO plugin v27.3 - https:\/\/yoast.com\/product\/yoast-seo-wordpress\/ -->\n<title>Digital Messaging for Settlement and Integration (DMSI) - Digital Messaging for Settlement and Integration (DMSI)<\/title>\n<meta name=\"robots\" content=\"index, follow, max-snippet:-1, max-image-preview:large, max-video-preview:-1\" \/>\n<link rel=\"canonical\" href=\"https:\/\/dmsi-mnei.ca\/fr\/\" \/>\n<meta property=\"og:locale\" content=\"fr_CA\" \/>\n<meta property=\"og:type\" content=\"article\" \/>\n<meta property=\"og:title\" content=\"Digital Messaging for Settlement and Integration (DMSI) - Digital Messaging for Settlement and Integration (DMSI)\" \/>\n<meta property=\"og:description\" content=\"Starting a new life in a new country can be challenging for newcomers, including immigrants and refugees. It\u2019s difficult for them to find the information they need to get settled. That\u2019s where Digital Messaging for Settlement and Integration (DMSI) can help. DMSI is all about using affordable and easy-to-use messaging tools like WhatsApp, Facebook, and [&hellip;]\" \/>\n<meta property=\"og:url\" content=\"https:\/\/dmsi-mnei.ca\/fr\/\" \/>\n<meta property=\"og:site_name\" content=\"Digital Messaging for Settlement and Integration (DMSI)\" \/>\n<meta property=\"article:modified_time\" content=\"2023-03-17T22:23:34+00:00\" \/>\n<meta property=\"og:image\" content=\"https:\/\/dmsi-mnei.ca\/wp-content\/uploads\/2020\/10\/homepage-slider_about-dmsi-300x300.jpg\" \/>\n<meta name=\"twitter:card\" content=\"summary_large_image\" \/>\n<meta name=\"twitter:label1\" content=\"Estimation du temps de lecture\" \/>\n\t<meta name=\"twitter:data1\" content=\"1 minute\" \/>\n<script type=\"application\/ld+json\" class=\"yoast-schema-graph\">{\"@context\":\"https:\\\/\\\/schema.org\",\"@graph\":[{\"@type\":\"WebPage\",\"@id\":\"https:\\\/\\\/dmsi-mnei.ca\\\/\",\"url\":\"https:\\\/\\\/dmsi-mnei.ca\\\/\",\"name\":\"Digital Messaging for Settlement and Integration (DMSI) - Digital Messaging for Settlement and Integration (DMSI)\",\"isPartOf\":{\"@id\":\"https:\\\/\\\/dmsi-mnei.ca\\\/#website\"},\"primaryImageOfPage\":{\"@id\":\"https:\\\/\\\/dmsi-mnei.ca\\\/#primaryimage\"},\"image\":{\"@id\":\"https:\\\/\\\/dmsi-mnei.ca\\\/#primaryimage\"},\"thumbnailUrl\":\"https:\\\/\\\/dmsi-mnei.ca\\\/wp-content\\\/uploads\\\/2020\\\/10\\\/homepage-slider_about-dmsi-300x300.jpg\",\"datePublished\":\"2023-03-16T00:22:38+00:00\",\"dateModified\":\"2023-03-17T22:23:34+00:00\",\"breadcrumb\":{\"@id\":\"https:\\\/\\\/dmsi-mnei.ca\\\/#breadcrumb\"},\"inLanguage\":\"fr-CA\",\"potentialAction\":[{\"@type\":\"ReadAction\",\"target\":[\"https:\\\/\\\/dmsi-mnei.ca\\\/\"]}]},{\"@type\":\"ImageObject\",\"inLanguage\":\"fr-CA\",\"@id\":\"https:\\\/\\\/dmsi-mnei.ca\\\/#primaryimage\",\"url\":\"https:\\\/\\\/dmsi-mnei.ca\\\/wp-content\\\/uploads\\\/2020\\\/10\\\/homepage-slider_about-dmsi-300x300.jpg\",\"contentUrl\":\"https:\\\/\\\/dmsi-mnei.ca\\\/wp-content\\\/uploads\\\/2020\\\/10\\\/homepage-slider_about-dmsi-300x300.jpg\"},{\"@type\":\"BreadcrumbList\",\"@id\":\"https:\\\/\\\/dmsi-mnei.ca\\\/#breadcrumb\",\"itemListElement\":[{\"@type\":\"ListItem\",\"position\":1,\"name\":\"Home\",\"item\":\"https:\\\/\\\/dmsi-mnei.ca\\\/\"},{\"@type\":\"ListItem\",\"position\":2,\"name\":\"Digital Messaging for Settlement and Integration (DMSI)\"}]},{\"@type\":\"WebSite\",\"@id\":\"https:\\\/\\\/dmsi-mnei.ca\\\/#website\",\"url\":\"https:\\\/\\\/dmsi-mnei.ca\\\/\",\"name\":\"Digital Messaging for Settlement and Integration (DMSI)\",\"description\":\"\",\"publisher\":{\"@id\":\"https:\\\/\\\/dmsi-mnei.ca\\\/#organization\"},\"potentialAction\":[{\"@type\":\"SearchAction\",\"target\":{\"@type\":\"EntryPoint\",\"urlTemplate\":\"https:\\\/\\\/dmsi-mnei.ca\\\/?s={search_term_string}\"},\"query-input\":{\"@type\":\"PropertyValueSpecification\",\"valueRequired\":true,\"valueName\":\"search_term_string\"}}],\"inLanguage\":\"fr-CA\"},{\"@type\":\"Organization\",\"@id\":\"https:\\\/\\\/dmsi-mnei.ca\\\/#organization\",\"name\":\"Digital Messaging for Settlement and Integration (DMSI)\",\"url\":\"https:\\\/\\\/dmsi-mnei.ca\\\/\",\"logo\":{\"@type\":\"ImageObject\",\"inLanguage\":\"fr-CA\",\"@id\":\"https:\\\/\\\/dmsi-mnei.ca\\\/#\\\/schema\\\/logo\\\/image\\\/\",\"url\":\"https:\\\/\\\/dmsi-mnei.ca\\\/wp-content\\\/uploads\\\/2019\\\/10\\\/DMSI-Logo-Full-Colour.png\",\"contentUrl\":\"https:\\\/\\\/dmsi-mnei.ca\\\/wp-content\\\/uploads\\\/2019\\\/10\\\/DMSI-Logo-Full-Colour.png\",\"width\":2400,\"height\":1263,\"caption\":\"Digital Messaging for Settlement and Integration (DMSI)\"},\"image\":{\"@id\":\"https:\\\/\\\/dmsi-mnei.ca\\\/#\\\/schema\\\/logo\\\/image\\\/\"}}]}<\/script>\n<!-- \/ Yoast SEO plugin. -->","yoast_head_json":{"title":"Digital Messaging for Settlement and Integration (DMSI) - Digital Messaging for Settlement and Integration (DMSI)","robots":{"index":"index","follow":"follow","max-snippet":"max-snippet:-1","max-image-preview":"max-image-preview:large","max-video-preview":"max-video-preview:-1"},"canonical":"https:\/\/dmsi-mnei.ca\/fr\/","og_locale":"fr_CA","og_type":"article","og_title":"Digital Messaging for Settlement and Integration (DMSI) - Digital Messaging for Settlement and Integration (DMSI)","og_description":"Starting a new life in a new country can be challenging for newcomers, including immigrants and refugees. It\u2019s difficult for them to find the information they need to get settled. That\u2019s where Digital Messaging for Settlement and Integration (DMSI) can help. DMSI is all about using affordable and easy-to-use messaging tools like WhatsApp, Facebook, and [&hellip;]","og_url":"https:\/\/dmsi-mnei.ca\/fr\/","og_site_name":"Digital Messaging for Settlement and Integration (DMSI)","article_modified_time":"2023-03-17T22:23:34+00:00","og_image":[{"url":"https:\/\/dmsi-mnei.ca\/wp-content\/uploads\/2020\/10\/homepage-slider_about-dmsi-300x300.jpg","type":"","width":"","height":""}],"twitter_card":"summary_large_image","twitter_misc":{"Estimation du temps de lecture":"1 minute"},"schema":{"@context":"https:\/\/schema.org","@graph":[{"@type":"WebPage","@id":"https:\/\/dmsi-mnei.ca\/","url":"https:\/\/dmsi-mnei.ca\/","name":"Digital Messaging for Settlement and Integration (DMSI) - Digital Messaging for Settlement and Integration (DMSI)","isPartOf":{"@id":"https:\/\/dmsi-mnei.ca\/#website"},"primaryImageOfPage":{"@id":"https:\/\/dmsi-mnei.ca\/#primaryimage"},"image":{"@id":"https:\/\/dmsi-mnei.ca\/#primaryimage"},"thumbnailUrl":"https:\/\/dmsi-mnei.ca\/wp-content\/uploads\/2020\/10\/homepage-slider_about-dmsi-300x300.jpg","datePublished":"2023-03-16T00:22:38+00:00","dateModified":"2023-03-17T22:23:34+00:00","breadcrumb":{"@id":"https:\/\/dmsi-mnei.ca\/#breadcrumb"},"inLanguage":"fr-CA","potentialAction":[{"@type":"ReadAction","target":["https:\/\/dmsi-mnei.ca\/"]}]},{"@type":"ImageObject","inLanguage":"fr-CA","@id":"https:\/\/dmsi-mnei.ca\/#primaryimage","url":"https:\/\/dmsi-mnei.ca\/wp-content\/uploads\/2020\/10\/homepage-slider_about-dmsi-300x300.jpg","contentUrl":"https:\/\/dmsi-mnei.ca\/wp-content\/uploads\/2020\/10\/homepage-slider_about-dmsi-300x300.jpg"},{"@type":"BreadcrumbList","@id":"https:\/\/dmsi-mnei.ca\/#breadcrumb","itemListElement":[{"@type":"ListItem","position":1,"name":"Home","item":"https:\/\/dmsi-mnei.ca\/"},{"@type":"ListItem","position":2,"name":"Digital Messaging for Settlement and Integration (DMSI)"}]},{"@type":"WebSite","@id":"https:\/\/dmsi-mnei.ca\/#website","url":"https:\/\/dmsi-mnei.ca\/","name":"Messages num\u00e9riques pour\nl\u2019\u00e9tablissement et l\u2019int\u00e9gration (MNEI)","description":"","publisher":{"@id":"https:\/\/dmsi-mnei.ca\/#organization"},"potentialAction":[{"@type":"SearchAction","target":{"@type":"EntryPoint","urlTemplate":"https:\/\/dmsi-mnei.ca\/?s={search_term_string}"},"query-input":{"@type":"PropertyValueSpecification","valueRequired":true,"valueName":"search_term_string"}}],"inLanguage":"fr-CA"},{"@type":"Organization","@id":"https:\/\/dmsi-mnei.ca\/#organization","name":"Messages num\u00e9riques pour\nl\u2019\u00e9tablissement et l\u2019int\u00e9gration (MNEI)","url":"https:\/\/dmsi-mnei.ca\/","logo":{"@type":"ImageObject","inLanguage":"fr-CA","@id":"https:\/\/dmsi-mnei.ca\/#\/schema\/logo\/image\/","url":"https:\/\/dmsi-mnei.ca\/wp-content\/uploads\/2019\/10\/DMSI-Logo-Full-Colour.png","contentUrl":"https:\/\/dmsi-mnei.ca\/wp-content\/uploads\/2019\/10\/DMSI-Logo-Full-Colour.png","width":2400,"height":1263,"caption":"Digital Messaging for Settlement and Integration (DMSI)"},"image":{"@id":"https:\/\/dmsi-mnei.ca\/#\/schema\/logo\/image\/"}}]}},"_links":{"self":[{"href":"https:\/\/dmsi-mnei.ca\/fr\/wp-json\/wp\/v2\/pages\/5210","targetHints":{"allow":["GET"]}}],"collection":[{"href":"https:\/\/dmsi-mnei.ca\/fr\/wp-json\/wp\/v2\/pages"}],"about":[{"href":"https:\/\/dmsi-mnei.ca\/fr\/wp-json\/wp\/v2\/types\/page"}],"author":[{"embeddable":true,"href":"https:\/\/dmsi-mnei.ca\/fr\/wp-json\/wp\/v2\/users\/4"}],"replies":[{"embeddable":true,"href":"https:\/\/dmsi-mnei.ca\/fr\/wp-json\/wp\/v2\/comments?post=5210"}],"version-history":[{"count":51,"href":"https:\/\/dmsi-mnei.ca\/fr\/wp-json\/wp\/v2\/pages\/5210\/revisions"}],"predecessor-version":[{"id":5444,"href":"https:\/\/dmsi-mnei.ca\/fr\/wp-json\/wp\/v2\/pages\/5210\/revisions\/5444"}],"wp:attachment":[{"href":"https:\/\/dmsi-mnei.ca\/fr\/wp-json\/wp\/v2\/media?parent=5210"}],"curies":[{"name":"wp","href":"https:\/\/api.w.org\/{rel}","templated":true}]}}