{"id":5274,"date":"2023-03-15T23:42:42","date_gmt":"2023-03-16T03:42:42","guid":{"rendered":"https:\/\/dmsi-mnei.ca\/?page_id=5274"},"modified":"2023-03-21T18:20:50","modified_gmt":"2023-03-21T22:20:50","slug":"pilots","status":"publish","type":"page","link":"https:\/\/dmsi-mnei.ca\/fr\/about\/pilots\/","title":{"rendered":"Projets pilotes"},"content":{"rendered":"<div data-elementor-type=\"wp-page\" data-elementor-id=\"5274\" class=\"elementor elementor-5274\" data-elementor-post-type=\"page\">\n\t\t\t\t<div class=\"elementor-element elementor-element-76fdcbb e-flex e-con-boxed e-con e-parent\" data-id=\"76fdcbb\" data-element_type=\"container\" data-e-type=\"container\">\n\t\t\t\t\t<div class=\"e-con-inner\">\n\t\t\t\t<div class=\"elementor-element elementor-element-dc7de20 elementor-widget elementor-widget-text-editor\" data-id=\"dc7de20\" data-element_type=\"widget\" data-e-type=\"widget\" data-widget_type=\"text-editor.default\">\n\t\t\t\t<div class=\"elementor-widget-container\">\n\t\t\t\t\t\t\t\t\t<p style=\"color: #333333; font-family: -apple-system, 'system-ui', 'Segoe UI', Roboto, 'Helvetica Neue', Arial, 'Noto Sans', sans-serif, 'Apple Color Emoji', 'Segoe UI Emoji', 'Segoe UI Symbol', 'Noto Color Emoji';\">Ces projets pilotes de MNEI consistaient \u00e0 tester quatre mod\u00e8les de messages num\u00e9riques dans quatre organismes d\u2019\u00e9tablissement \u00e0 Calgary, North Bay, Halifax et Ottawa.<\/p><p style=\"color: #333333; font-family: -apple-system, 'system-ui', 'Segoe UI', Roboto, 'Helvetica Neue', Arial, 'Noto Sans', sans-serif, 'Apple Color Emoji', 'Segoe UI Emoji', 'Segoe UI Symbol', 'Noto Color Emoji';\">Chaque projet pilote portait sp\u00e9cifiquement sur les services aux personnes nouvellement arriv\u00e9es dans leur contexte particulier.<\/p>\t\t\t\t\t\t\t\t<\/div>\n\t\t\t\t<\/div>\n\t\t\t\t\t<\/div>\n\t\t\t\t<\/div>\n\t\t<div class=\"elementor-element elementor-element-f17d00b e-flex e-con-boxed e-con e-parent\" data-id=\"f17d00b\" data-element_type=\"container\" data-e-type=\"container\">\n\t\t\t\t\t<div class=\"e-con-inner\">\n\t\t<div class=\"elementor-element elementor-element-510490f e-con-full e-flex e-con e-child\" data-id=\"510490f\" data-element_type=\"container\" data-e-type=\"container\">\n\t\t\t\t<div class=\"elementor-element elementor-element-1f85c4a elementor-position-top elementor-widget elementor-widget-image-box\" data-id=\"1f85c4a\" data-element_type=\"widget\" data-e-type=\"widget\" data-widget_type=\"image-box.default\">\n\t\t\t\t<div class=\"elementor-widget-container\">\n\t\t\t\t\t<div class=\"elementor-image-box-wrapper\"><figure class=\"elementor-image-box-img\"><a href=\"https:\/\/www.nbdmc.ca\/announcements-events-copy\" tabindex=\"-1\"><img decoding=\"async\" width=\"391\" height=\"115\" src=\"https:\/\/dmsi-mnei.ca\/wp-content\/uploads\/2019\/10\/north-bay-district-multicultural-centre_logo.png\" class=\"attachment-full size-full wp-image-4637\" alt=\"logo of North Bay District Multicultural centre\" srcset=\"https:\/\/dmsi-mnei.ca\/wp-content\/uploads\/2019\/10\/north-bay-district-multicultural-centre_logo.png 391w, https:\/\/dmsi-mnei.ca\/wp-content\/uploads\/2019\/10\/north-bay-district-multicultural-centre_logo-300x88.png 300w\" sizes=\"(max-width: 391px) 100vw, 391px\" \/><\/a><\/figure><div class=\"elementor-image-box-content\"><h2 class=\"elementor-image-box-title\"><a href=\"https:\/\/www.nbdmc.ca\/announcements-events-copy\">Newcomer NEO<\/a><\/h2><p class=\"elementor-image-box-description\">Le centre multiculturel de North Bay a cr\u00e9\u00e9 un groupe Facebook pour les nouveaux arrivants dans le nord-est de l'Ontario afin de trouver et de partager des opportunit\u00e9s de vivre, d'apprendre, de jouer et de travailler, ainsi que de poser des questions ou de partager des \u00e9v\u00e9nements. <\/p><\/div><\/div>\t\t\t\t<\/div>\n\t\t\t\t<\/div>\n\t\t\t\t<\/div>\n\t\t<div class=\"elementor-element elementor-element-3076132 e-con-full e-flex e-con e-child\" data-id=\"3076132\" data-element_type=\"container\" data-e-type=\"container\">\n\t\t\t\t<div class=\"elementor-element elementor-element-184ea82 elementor-position-top elementor-widget elementor-widget-image-box\" data-id=\"184ea82\" data-element_type=\"widget\" data-e-type=\"widget\" data-widget_type=\"image-box.default\">\n\t\t\t\t<div class=\"elementor-widget-container\">\n\t\t\t\t\t<div class=\"elementor-image-box-wrapper\"><figure class=\"elementor-image-box-img\"><a href=\"https:\/\/www.projectbeacon.ca\/\" tabindex=\"-1\"><img fetchpriority=\"high\" decoding=\"async\" width=\"1050\" height=\"149\" src=\"https:\/\/dmsi-mnei.ca\/wp-content\/uploads\/2019\/10\/isans_logo.jpg\" class=\"attachment-full size-full wp-image-4633\" alt=\"logo for isans\" srcset=\"https:\/\/dmsi-mnei.ca\/wp-content\/uploads\/2019\/10\/isans_logo.jpg 1050w, https:\/\/dmsi-mnei.ca\/wp-content\/uploads\/2019\/10\/isans_logo-300x43.jpg 300w, https:\/\/dmsi-mnei.ca\/wp-content\/uploads\/2019\/10\/isans_logo-768x109.jpg 768w, https:\/\/dmsi-mnei.ca\/wp-content\/uploads\/2019\/10\/isans_logo-1024x145.jpg 1024w, https:\/\/dmsi-mnei.ca\/wp-content\/uploads\/2019\/10\/isans_logo-500x71.jpg 500w, https:\/\/dmsi-mnei.ca\/wp-content\/uploads\/2019\/10\/isans_logo-800x114.jpg 800w, https:\/\/dmsi-mnei.ca\/wp-content\/uploads\/2019\/10\/isans_logo-580x82.jpg 580w, https:\/\/dmsi-mnei.ca\/wp-content\/uploads\/2019\/10\/isans_logo-860x122.jpg 860w\" sizes=\"(max-width: 1050px) 100vw, 1050px\" \/><\/a><\/figure><div class=\"elementor-image-box-content\"><h2 class=\"elementor-image-box-title\"><a href=\"https:\/\/www.projectbeacon.ca\/\">Le projet Beacon<\/a><\/h2><p class=\"elementor-image-box-description\">Le projet Beacon vise \u00e0 donner aux immigrants, aux demandeurs d'asile, aux migrants et aux membres de la communaut\u00e9 les moyens de promouvoir des informations exactes sur les efforts nationaux et locaux de vaccination contre la COVID-19, en personne, sur papier et en ligne.<\/p><\/div><\/div>\t\t\t\t<\/div>\n\t\t\t\t<\/div>\n\t\t\t\t<\/div>\n\t\t<div class=\"elementor-element elementor-element-97069de e-con-full e-flex e-con e-child\" data-id=\"97069de\" data-element_type=\"container\" data-e-type=\"container\">\n\t\t\t\t<div class=\"elementor-element elementor-element-c8b56a9 elementor-position-top elementor-widget elementor-widget-image-box\" data-id=\"c8b56a9\" data-element_type=\"widget\" data-e-type=\"widget\" data-widget_type=\"image-box.default\">\n\t\t\t\t<div class=\"elementor-widget-container\">\n\t\t\t\t\t<div class=\"elementor-image-box-wrapper\"><figure class=\"elementor-image-box-img\"><a href=\"https:\/\/www.cscvanier.com\/fr\/communaute\/nouveaux-arrivants\/portail-dintgration-franco-immigrant-pifi\" tabindex=\"-1\"><img decoding=\"async\" width=\"1408\" height=\"423\" src=\"https:\/\/dmsi-mnei.ca\/wp-content\/uploads\/2019\/10\/Logo-CSCV-Texte.jpg\" class=\"attachment-full size-full wp-image-4634\" alt=\"logo for CSC Vanier\" srcset=\"https:\/\/dmsi-mnei.ca\/wp-content\/uploads\/2019\/10\/Logo-CSCV-Texte.jpg 1408w, https:\/\/dmsi-mnei.ca\/wp-content\/uploads\/2019\/10\/Logo-CSCV-Texte-300x90.jpg 300w, https:\/\/dmsi-mnei.ca\/wp-content\/uploads\/2019\/10\/Logo-CSCV-Texte-768x231.jpg 768w, https:\/\/dmsi-mnei.ca\/wp-content\/uploads\/2019\/10\/Logo-CSCV-Texte-1024x308.jpg 1024w, https:\/\/dmsi-mnei.ca\/wp-content\/uploads\/2019\/10\/Logo-CSCV-Texte-500x150.jpg 500w, https:\/\/dmsi-mnei.ca\/wp-content\/uploads\/2019\/10\/Logo-CSCV-Texte-800x240.jpg 800w, https:\/\/dmsi-mnei.ca\/wp-content\/uploads\/2019\/10\/Logo-CSCV-Texte-1280x385.jpg 1280w, https:\/\/dmsi-mnei.ca\/wp-content\/uploads\/2019\/10\/Logo-CSCV-Texte-580x174.jpg 580w, https:\/\/dmsi-mnei.ca\/wp-content\/uploads\/2019\/10\/Logo-CSCV-Texte-860x258.jpg 860w, https:\/\/dmsi-mnei.ca\/wp-content\/uploads\/2019\/10\/Logo-CSCV-Texte-1160x348.jpg 1160w, https:\/\/dmsi-mnei.ca\/wp-content\/uploads\/2019\/10\/Logo-CSCV-Texte-1320x397.jpg 1320w\" sizes=\"(max-width: 1408px) 100vw, 1408px\" \/><\/a><\/figure><div class=\"elementor-image-box-content\"><h2 class=\"elementor-image-box-title\"><a href=\"https:\/\/www.cscvanier.com\/fr\/communaute\/nouveaux-arrivants\/portail-dintgration-franco-immigrant-pifi\">Portail d\u2019int\u00e9gration franco-immigrant (PIFI)<\/a><\/h2><p class=\"elementor-image-box-description\">En partenariat avec d'autres organismes communautaires, le Centre des services communautaires Vanier a cr\u00e9\u00e9 le Portail d\u2019int\u00e9gration franco-immigrant (PIFI), un groupe Facebook pour les nouveaux arrivants au Canada afin de poser des questions, discuter entre membres et recevoir une information utile pour l\u2019\u00e9tablissement et l\u2019int\u00e9gration. <\/p><\/div><\/div>\t\t\t\t<\/div>\n\t\t\t\t<\/div>\n\t\t\t\t<\/div>\n\t\t<div class=\"elementor-element elementor-element-1977677 e-con-full e-flex e-con e-child\" data-id=\"1977677\" data-element_type=\"container\" data-e-type=\"container\">\n\t\t\t\t<div class=\"elementor-element elementor-element-7bd1714 elementor-position-top elementor-widget elementor-widget-image-box\" data-id=\"7bd1714\" data-element_type=\"widget\" data-e-type=\"widget\" data-widget_type=\"image-box.default\">\n\t\t\t\t<div class=\"elementor-widget-container\">\n\t\t\t\t\t<div class=\"elementor-image-box-wrapper\"><figure class=\"elementor-image-box-img\"><a href=\"https:\/\/www.centrefornewcomers.ca\/settlement\" tabindex=\"-1\"><img loading=\"lazy\" decoding=\"async\" width=\"300\" height=\"96\" src=\"https:\/\/dmsi-mnei.ca\/wp-content\/uploads\/2019\/10\/centre-for-newcomers_logo-300x96.png\" class=\"attachment-medium size-medium wp-image-4639\" alt=\"logo for centre for newcomers\" srcset=\"https:\/\/dmsi-mnei.ca\/wp-content\/uploads\/2019\/10\/centre-for-newcomers_logo-300x96.png 300w, https:\/\/dmsi-mnei.ca\/wp-content\/uploads\/2019\/10\/centre-for-newcomers_logo.png 468w\" sizes=\"(max-width: 300px) 100vw, 300px\" \/><\/a><\/figure><div class=\"elementor-image-box-content\"><h2 class=\"elementor-image-box-title\"><a href=\"https:\/\/www.centrefornewcomers.ca\/settlement\">Services d'\u00e9tablissement par messagerie num\u00e9rique<\/a><\/h2><p class=\"elementor-image-box-description\">Le syst\u00e8me de gestion de cas par messagerie num\u00e9rique du CFN vise \u00e0 assurer un contact et une communication continus afin d'aider les nouveaux arrivants \u00e0 s'\u00e9tablir au Canada facilement, rapidement et \u00e0 un co\u00fbt abordable. \n\nCette communication num\u00e9rique individuelle comprend des messages WhatsApp, des messages texte, des notes vocales, ainsi que des appels t\u00e9l\u00e9phoniques et vid\u00e9o qui, dans certains cas, sont utilis\u00e9s pour fournir des sercices de gestion de cas aux clients admissibles.<\/p><\/div><\/div>\t\t\t\t<\/div>\n\t\t\t\t<\/div>\n\t\t\t\t<\/div>\n\t\t\t\t\t<\/div>\n\t\t\t\t<\/div>\n\t\t<div class=\"elementor-element elementor-element-208b2d3 e-flex e-con-boxed e-con e-parent\" data-id=\"208b2d3\" data-element_type=\"container\" data-e-type=\"container\">\n\t\t\t\t\t<div class=\"e-con-inner\">\n\t\t\t\t<div class=\"elementor-element elementor-element-8550e0e elementor-hidden-mobile elementor-widget elementor-widget-spacer\" data-id=\"8550e0e\" data-element_type=\"widget\" data-e-type=\"widget\" data-widget_type=\"spacer.default\">\n\t\t\t\t<div class=\"elementor-widget-container\">\n\t\t\t\t\t\t\t<div class=\"elementor-spacer\">\n\t\t\t<div class=\"elementor-spacer-inner\"><\/div>\n\t\t<\/div>\n\t\t\t\t\t\t<\/div>\n\t\t\t\t<\/div>\n\t\t\t\t\t<\/div>\n\t\t\t\t<\/div>\n\t\t<div class=\"elementor-element elementor-element-d42f4d1 e-flex e-con-boxed e-con e-parent\" data-id=\"d42f4d1\" data-element_type=\"container\" data-e-type=\"container\">\n\t\t\t\t\t<div class=\"e-con-inner\">\n\t\t\t\t<div class=\"elementor-element elementor-element-88f43c3 elementor-widget elementor-widget-heading\" data-id=\"88f43c3\" data-element_type=\"widget\" data-e-type=\"widget\" data-widget_type=\"heading.default\">\n\t\t\t\t<div class=\"elementor-widget-container\">\n\t\t\t\t\t<h2 class=\"elementor-heading-title elementor-size-default\">Le service num\u00e9rique pour les personnes arrivant d\u2019Afghanistan<\/h2>\t\t\t\t<\/div>\n\t\t\t\t<\/div>\n\t\t\t\t<div class=\"elementor-element elementor-element-7538fe6 elementor-widget elementor-widget-text-editor\" data-id=\"7538fe6\" data-element_type=\"widget\" data-e-type=\"widget\" data-widget_type=\"text-editor.default\">\n\t\t\t\t<div class=\"elementor-widget-container\">\n\t\t\t\t\t\t\t\t\t<p>Nous utilisons un groupe Telegram priv\u00e9 pour fournir aux nouveaux arrivants Afghans \u00e0 travers le Canada, des informations sur les services d'\u00e9tablissement en dari et en pachto<\/p>\t\t\t\t\t\t\t\t<\/div>\n\t\t\t\t<\/div>\n\t\t\t\t<div class=\"elementor-element elementor-element-16d7a65 elementor-align-center elementor-widget elementor-widget-button\" data-id=\"16d7a65\" data-element_type=\"widget\" data-e-type=\"widget\" data-widget_type=\"button.default\">\n\t\t\t\t<div class=\"elementor-widget-container\">\n\t\t\t\t\t\t\t\t\t<div class=\"elementor-button-wrapper\">\n\t\t\t\t\t<a class=\"elementor-button elementor-button-link elementor-size-sm\" href=\"https:\/\/dmsi-mnei.ca\/afghan-digital-service\/\">\n\t\t\t\t\t\t<span class=\"elementor-button-content-wrapper\">\n\t\t\t\t\t\t\t\t\t<span class=\"elementor-button-text\">Joignez-vous au service pilote de messagerie pour les Afghanes et les Afghans<\/span>\n\t\t\t\t\t<\/span>\n\t\t\t\t\t<\/a>\n\t\t\t\t<\/div>\n\t\t\t\t\t\t\t\t<\/div>\n\t\t\t\t<\/div>\n\t\t\t\t\t<\/div>\n\t\t\t\t<\/div>\n\t\t<div class=\"elementor-element elementor-element-bcf5dc3 e-flex e-con-boxed e-con e-parent\" data-id=\"bcf5dc3\" data-element_type=\"container\" data-e-type=\"container\">\n\t\t\t\t\t<div class=\"e-con-inner\">\n\t\t\t\t<div class=\"elementor-element elementor-element-9f4a978 elementor-hidden-mobile elementor-widget elementor-widget-spacer\" data-id=\"9f4a978\" data-element_type=\"widget\" data-e-type=\"widget\" data-widget_type=\"spacer.default\">\n\t\t\t\t<div class=\"elementor-widget-container\">\n\t\t\t\t\t\t\t<div class=\"elementor-spacer\">\n\t\t\t<div class=\"elementor-spacer-inner\"><\/div>\n\t\t<\/div>\n\t\t\t\t\t\t<\/div>\n\t\t\t\t<\/div>\n\t\t\t\t\t<\/div>\n\t\t\t\t<\/div>\n\t\t\t\t<\/div>","protected":false},"excerpt":{"rendered":"<p>These DMSI pilot projects tested four digital messaging models in four settlement agencies in Calgary, North Bay, Halifax and Ottawa. Each pilot had a unique scope to serve newcomers in their own context. Newcomer NEO The Multicultural Centre in North Bay created a Facebook group for newcomers to Northeastern Ontario to find and share opportunities [&hellip;]<\/p>\n","protected":false},"author":4,"featured_media":0,"parent":5296,"menu_order":0,"comment_status":"closed","ping_status":"closed","template":"","meta":{"footnotes":""},"class_list":["post-5274","page","type-page","status-publish","hentry"],"yoast_head":"<!-- This site is optimized with the Yoast SEO plugin v27.4 - https:\/\/yoast.com\/product\/yoast-seo-wordpress\/ -->\n<title>Pilot projects - Digital Messaging for Settlement and Integration (DMSI)<\/title>\n<meta name=\"robots\" content=\"index, follow, max-snippet:-1, max-image-preview:large, max-video-preview:-1\" \/>\n<link rel=\"canonical\" href=\"https:\/\/dmsi-mnei.ca\/fr\/about\/pilots\/\" \/>\n<meta property=\"og:locale\" content=\"fr_CA\" \/>\n<meta property=\"og:type\" content=\"article\" \/>\n<meta property=\"og:title\" content=\"Pilot projects - Digital Messaging for Settlement and Integration (DMSI)\" \/>\n<meta property=\"og:description\" content=\"These DMSI pilot projects tested four digital messaging models in four settlement agencies in Calgary, North Bay, Halifax and Ottawa. Each pilot had a unique scope to serve newcomers in their own context. Newcomer NEO The Multicultural Centre in North Bay created a Facebook group for newcomers to Northeastern Ontario to find and share opportunities [&hellip;]\" \/>\n<meta property=\"og:url\" content=\"https:\/\/dmsi-mnei.ca\/fr\/about\/pilots\/\" \/>\n<meta property=\"og:site_name\" content=\"Digital Messaging for Settlement and Integration (DMSI)\" \/>\n<meta property=\"article:modified_time\" content=\"2023-03-21T22:20:50+00:00\" \/>\n<meta property=\"og:image\" content=\"https:\/\/dmsi-mnei.ca\/wp-content\/uploads\/2019\/10\/north-bay-district-multicultural-centre_logo.png\" \/>\n<meta name=\"twitter:card\" content=\"summary_large_image\" \/>\n<meta name=\"twitter:label1\" content=\"Estimation du temps de lecture\" \/>\n\t<meta name=\"twitter:data1\" content=\"2 minutes\" \/>\n<script type=\"application\/ld+json\" class=\"yoast-schema-graph\">{\"@context\":\"https:\\\/\\\/schema.org\",\"@graph\":[{\"@type\":\"WebPage\",\"@id\":\"https:\\\/\\\/dmsi-mnei.ca\\\/about\\\/pilots\\\/\",\"url\":\"https:\\\/\\\/dmsi-mnei.ca\\\/about\\\/pilots\\\/\",\"name\":\"Pilot projects - Digital Messaging for Settlement and Integration (DMSI)\",\"isPartOf\":{\"@id\":\"https:\\\/\\\/dmsi-mnei.ca\\\/#website\"},\"primaryImageOfPage\":{\"@id\":\"https:\\\/\\\/dmsi-mnei.ca\\\/about\\\/pilots\\\/#primaryimage\"},\"image\":{\"@id\":\"https:\\\/\\\/dmsi-mnei.ca\\\/about\\\/pilots\\\/#primaryimage\"},\"thumbnailUrl\":\"https:\\\/\\\/dmsi-mnei.ca\\\/wp-content\\\/uploads\\\/2019\\\/10\\\/north-bay-district-multicultural-centre_logo.png\",\"datePublished\":\"2023-03-16T03:42:42+00:00\",\"dateModified\":\"2023-03-21T22:20:50+00:00\",\"breadcrumb\":{\"@id\":\"https:\\\/\\\/dmsi-mnei.ca\\\/about\\\/pilots\\\/#breadcrumb\"},\"inLanguage\":\"fr-CA\",\"potentialAction\":[{\"@type\":\"ReadAction\",\"target\":[\"https:\\\/\\\/dmsi-mnei.ca\\\/about\\\/pilots\\\/\"]}]},{\"@type\":\"ImageObject\",\"inLanguage\":\"fr-CA\",\"@id\":\"https:\\\/\\\/dmsi-mnei.ca\\\/about\\\/pilots\\\/#primaryimage\",\"url\":\"https:\\\/\\\/dmsi-mnei.ca\\\/wp-content\\\/uploads\\\/2019\\\/10\\\/north-bay-district-multicultural-centre_logo.png\",\"contentUrl\":\"https:\\\/\\\/dmsi-mnei.ca\\\/wp-content\\\/uploads\\\/2019\\\/10\\\/north-bay-district-multicultural-centre_logo.png\"},{\"@type\":\"BreadcrumbList\",\"@id\":\"https:\\\/\\\/dmsi-mnei.ca\\\/about\\\/pilots\\\/#breadcrumb\",\"itemListElement\":[{\"@type\":\"ListItem\",\"position\":1,\"name\":\"Home\",\"item\":\"https:\\\/\\\/dmsi-mnei.ca\\\/\"},{\"@type\":\"ListItem\",\"position\":2,\"name\":\"About\",\"item\":\"https:\\\/\\\/dmsi-mnei.ca\\\/about\\\/\"},{\"@type\":\"ListItem\",\"position\":3,\"name\":\"Pilot projects\"}]},{\"@type\":\"WebSite\",\"@id\":\"https:\\\/\\\/dmsi-mnei.ca\\\/#website\",\"url\":\"https:\\\/\\\/dmsi-mnei.ca\\\/\",\"name\":\"Digital Messaging for Settlement and Integration (DMSI)\",\"description\":\"\",\"publisher\":{\"@id\":\"https:\\\/\\\/dmsi-mnei.ca\\\/#organization\"},\"potentialAction\":[{\"@type\":\"SearchAction\",\"target\":{\"@type\":\"EntryPoint\",\"urlTemplate\":\"https:\\\/\\\/dmsi-mnei.ca\\\/?s={search_term_string}\"},\"query-input\":{\"@type\":\"PropertyValueSpecification\",\"valueRequired\":true,\"valueName\":\"search_term_string\"}}],\"inLanguage\":\"fr-CA\"},{\"@type\":\"Organization\",\"@id\":\"https:\\\/\\\/dmsi-mnei.ca\\\/#organization\",\"name\":\"Digital Messaging for Settlement and Integration (DMSI)\",\"url\":\"https:\\\/\\\/dmsi-mnei.ca\\\/\",\"logo\":{\"@type\":\"ImageObject\",\"inLanguage\":\"fr-CA\",\"@id\":\"https:\\\/\\\/dmsi-mnei.ca\\\/#\\\/schema\\\/logo\\\/image\\\/\",\"url\":\"https:\\\/\\\/dmsi-mnei.ca\\\/wp-content\\\/uploads\\\/2019\\\/10\\\/DMSI-Logo-Full-Colour.png\",\"contentUrl\":\"https:\\\/\\\/dmsi-mnei.ca\\\/wp-content\\\/uploads\\\/2019\\\/10\\\/DMSI-Logo-Full-Colour.png\",\"width\":2400,\"height\":1263,\"caption\":\"Digital Messaging for Settlement and Integration (DMSI)\"},\"image\":{\"@id\":\"https:\\\/\\\/dmsi-mnei.ca\\\/#\\\/schema\\\/logo\\\/image\\\/\"}}]}<\/script>\n<!-- \/ Yoast SEO plugin. -->","yoast_head_json":{"title":"Pilot projects - Digital Messaging for Settlement and Integration (DMSI)","robots":{"index":"index","follow":"follow","max-snippet":"max-snippet:-1","max-image-preview":"max-image-preview:large","max-video-preview":"max-video-preview:-1"},"canonical":"https:\/\/dmsi-mnei.ca\/fr\/about\/pilots\/","og_locale":"fr_CA","og_type":"article","og_title":"Pilot projects - Digital Messaging for Settlement and Integration (DMSI)","og_description":"These DMSI pilot projects tested four digital messaging models in four settlement agencies in Calgary, North Bay, Halifax and Ottawa. Each pilot had a unique scope to serve newcomers in their own context. Newcomer NEO The Multicultural Centre in North Bay created a Facebook group for newcomers to Northeastern Ontario to find and share opportunities [&hellip;]","og_url":"https:\/\/dmsi-mnei.ca\/fr\/about\/pilots\/","og_site_name":"Digital Messaging for Settlement and Integration (DMSI)","article_modified_time":"2023-03-21T22:20:50+00:00","og_image":[{"url":"https:\/\/dmsi-mnei.ca\/wp-content\/uploads\/2019\/10\/north-bay-district-multicultural-centre_logo.png","type":"","width":"","height":""}],"twitter_card":"summary_large_image","twitter_misc":{"Estimation du temps de lecture":"2 minutes"},"schema":{"@context":"https:\/\/schema.org","@graph":[{"@type":"WebPage","@id":"https:\/\/dmsi-mnei.ca\/about\/pilots\/","url":"https:\/\/dmsi-mnei.ca\/about\/pilots\/","name":"Pilot projects - Digital Messaging for Settlement and Integration (DMSI)","isPartOf":{"@id":"https:\/\/dmsi-mnei.ca\/#website"},"primaryImageOfPage":{"@id":"https:\/\/dmsi-mnei.ca\/about\/pilots\/#primaryimage"},"image":{"@id":"https:\/\/dmsi-mnei.ca\/about\/pilots\/#primaryimage"},"thumbnailUrl":"https:\/\/dmsi-mnei.ca\/wp-content\/uploads\/2019\/10\/north-bay-district-multicultural-centre_logo.png","datePublished":"2023-03-16T03:42:42+00:00","dateModified":"2023-03-21T22:20:50+00:00","breadcrumb":{"@id":"https:\/\/dmsi-mnei.ca\/about\/pilots\/#breadcrumb"},"inLanguage":"fr-CA","potentialAction":[{"@type":"ReadAction","target":["https:\/\/dmsi-mnei.ca\/about\/pilots\/"]}]},{"@type":"ImageObject","inLanguage":"fr-CA","@id":"https:\/\/dmsi-mnei.ca\/about\/pilots\/#primaryimage","url":"https:\/\/dmsi-mnei.ca\/wp-content\/uploads\/2019\/10\/north-bay-district-multicultural-centre_logo.png","contentUrl":"https:\/\/dmsi-mnei.ca\/wp-content\/uploads\/2019\/10\/north-bay-district-multicultural-centre_logo.png"},{"@type":"BreadcrumbList","@id":"https:\/\/dmsi-mnei.ca\/about\/pilots\/#breadcrumb","itemListElement":[{"@type":"ListItem","position":1,"name":"Home","item":"https:\/\/dmsi-mnei.ca\/"},{"@type":"ListItem","position":2,"name":"About","item":"https:\/\/dmsi-mnei.ca\/about\/"},{"@type":"ListItem","position":3,"name":"Pilot projects"}]},{"@type":"WebSite","@id":"https:\/\/dmsi-mnei.ca\/#website","url":"https:\/\/dmsi-mnei.ca\/","name":"Messages num\u00e9riques pour\nl\u2019\u00e9tablissement et l\u2019int\u00e9gration (MNEI)","description":"","publisher":{"@id":"https:\/\/dmsi-mnei.ca\/#organization"},"potentialAction":[{"@type":"SearchAction","target":{"@type":"EntryPoint","urlTemplate":"https:\/\/dmsi-mnei.ca\/?s={search_term_string}"},"query-input":{"@type":"PropertyValueSpecification","valueRequired":true,"valueName":"search_term_string"}}],"inLanguage":"fr-CA"},{"@type":"Organization","@id":"https:\/\/dmsi-mnei.ca\/#organization","name":"Messages num\u00e9riques pour\nl\u2019\u00e9tablissement et l\u2019int\u00e9gration (MNEI)","url":"https:\/\/dmsi-mnei.ca\/","logo":{"@type":"ImageObject","inLanguage":"fr-CA","@id":"https:\/\/dmsi-mnei.ca\/#\/schema\/logo\/image\/","url":"https:\/\/dmsi-mnei.ca\/wp-content\/uploads\/2019\/10\/DMSI-Logo-Full-Colour.png","contentUrl":"https:\/\/dmsi-mnei.ca\/wp-content\/uploads\/2019\/10\/DMSI-Logo-Full-Colour.png","width":2400,"height":1263,"caption":"Digital Messaging for Settlement and Integration (DMSI)"},"image":{"@id":"https:\/\/dmsi-mnei.ca\/#\/schema\/logo\/image\/"}}]}},"_links":{"self":[{"href":"https:\/\/dmsi-mnei.ca\/fr\/wp-json\/wp\/v2\/pages\/5274","targetHints":{"allow":["GET"]}}],"collection":[{"href":"https:\/\/dmsi-mnei.ca\/fr\/wp-json\/wp\/v2\/pages"}],"about":[{"href":"https:\/\/dmsi-mnei.ca\/fr\/wp-json\/wp\/v2\/types\/page"}],"author":[{"embeddable":true,"href":"https:\/\/dmsi-mnei.ca\/fr\/wp-json\/wp\/v2\/users\/4"}],"replies":[{"embeddable":true,"href":"https:\/\/dmsi-mnei.ca\/fr\/wp-json\/wp\/v2\/comments?post=5274"}],"version-history":[{"count":59,"href":"https:\/\/dmsi-mnei.ca\/fr\/wp-json\/wp\/v2\/pages\/5274\/revisions"}],"predecessor-version":[{"id":5454,"href":"https:\/\/dmsi-mnei.ca\/fr\/wp-json\/wp\/v2\/pages\/5274\/revisions\/5454"}],"up":[{"embeddable":true,"href":"https:\/\/dmsi-mnei.ca\/fr\/wp-json\/wp\/v2\/pages\/5296"}],"wp:attachment":[{"href":"https:\/\/dmsi-mnei.ca\/fr\/wp-json\/wp\/v2\/media?parent=5274"}],"curies":[{"name":"wp","href":"https:\/\/api.w.org\/{rel}","templated":true}]}}