{"id":5296,"date":"2023-03-16T00:08:45","date_gmt":"2023-03-16T04:08:45","guid":{"rendered":"https:\/\/dmsi-mnei.ca\/?page_id=5296"},"modified":"2023-03-16T00:17:04","modified_gmt":"2023-03-16T04:17:04","slug":"about","status":"publish","type":"page","link":"https:\/\/dmsi-mnei.ca\/fr\/about\/","title":{"rendered":"Au sujet du projet"},"content":{"rendered":"<div data-elementor-type=\"wp-page\" data-elementor-id=\"5296\" class=\"elementor elementor-5296\" data-elementor-post-type=\"page\">\n\t\t\t\t<div class=\"elementor-element elementor-element-3d94af6 e-flex e-con-boxed e-con e-parent\" data-id=\"3d94af6\" data-element_type=\"container\" data-e-type=\"container\">\n\t\t\t\t\t<div class=\"e-con-inner\">\n\t\t<div class=\"elementor-element elementor-element-f02d277 e-con-full e-flex e-con e-child\" data-id=\"f02d277\" data-element_type=\"container\" data-e-type=\"container\">\n\t\t\t\t<div class=\"elementor-element elementor-element-eed0a01 elementor-hidden-mobile elementor-widget elementor-widget-image\" data-id=\"eed0a01\" data-element_type=\"widget\" data-e-type=\"widget\" data-widget_type=\"image.default\">\n\t\t\t\t<div class=\"elementor-widget-container\">\n\t\t\t\t\t\t\t\t\t\t\t\t\t\t\t<img fetchpriority=\"high\" decoding=\"async\" width=\"316\" height=\"320\" src=\"https:\/\/dmsi-mnei.ca\/wp-content\/uploads\/2023\/03\/MNEI-Icon-Colour.png\" class=\"attachment-full size-full wp-image-4700\" alt=\"DMSI logo small\" srcset=\"https:\/\/dmsi-mnei.ca\/wp-content\/uploads\/2023\/03\/MNEI-Icon-Colour.png 1248w, https:\/\/dmsi-mnei.ca\/wp-content\/uploads\/2023\/03\/MNEI-Icon-Colour-296x300.png 296w, https:\/\/dmsi-mnei.ca\/wp-content\/uploads\/2023\/03\/MNEI-Icon-Colour-1012x1024.png 1012w, https:\/\/dmsi-mnei.ca\/wp-content\/uploads\/2023\/03\/MNEI-Icon-Colour-768x777.png 768w, https:\/\/dmsi-mnei.ca\/wp-content\/uploads\/2023\/03\/MNEI-Icon-Colour-12x12.png 12w, https:\/\/dmsi-mnei.ca\/wp-content\/uploads\/2023\/03\/MNEI-Icon-Colour-60x60.png 60w, https:\/\/dmsi-mnei.ca\/wp-content\/uploads\/2023\/03\/MNEI-Icon-Colour-580x587.png 580w, https:\/\/dmsi-mnei.ca\/wp-content\/uploads\/2023\/03\/MNEI-Icon-Colour-860x870.png 860w, https:\/\/dmsi-mnei.ca\/wp-content\/uploads\/2023\/03\/MNEI-Icon-Colour-1160x1174.png 1160w, https:\/\/dmsi-mnei.ca\/wp-content\/uploads\/2023\/03\/MNEI-Icon-Colour-500x506.png 500w, https:\/\/dmsi-mnei.ca\/wp-content\/uploads\/2023\/03\/MNEI-Icon-Colour-800x810.png 800w\" sizes=\"(max-width: 316px) 100vw, 316px\" \/>\t\t\t\t\t\t\t\t\t\t\t\t\t\t\t<\/div>\n\t\t\t\t<\/div>\n\t\t\t\t<\/div>\n\t\t<div class=\"elementor-element elementor-element-17ac39b e-con-full e-flex e-con e-child\" data-id=\"17ac39b\" data-element_type=\"container\" data-e-type=\"container\">\n\t\t\t\t<div class=\"elementor-element elementor-element-b1e1590 elementor-widget elementor-widget-heading\" data-id=\"b1e1590\" data-element_type=\"widget\" data-e-type=\"widget\" data-widget_type=\"heading.default\">\n\t\t\t\t<div class=\"elementor-widget-container\">\n\t\t\t\t\t<h2 class=\"elementor-heading-title elementor-size-default\"><h2>Le projet de Messagerie num\u00e9rique pour\nl\u2019\u00e9tablissement et l\u2019int\u00e9gration (MNEI)<\/h2><\/h2>\t\t\t\t<\/div>\n\t\t\t\t<\/div>\n\t\t\t\t<div class=\"elementor-element elementor-element-f515fc8 elementor-widget elementor-widget-text-editor\" data-id=\"f515fc8\" data-element_type=\"widget\" data-e-type=\"widget\" data-widget_type=\"text-editor.default\">\n\t\t\t\t<div class=\"elementor-widget-container\">\n\t\t\t\t\t\t\t\t\t<p style=\"color: #333333; font-family: -apple-system, 'system-ui', 'Segoe UI', Roboto, 'Helvetica Neue', Arial, 'Noto Sans', sans-serif, 'Apple Color Emoji', 'Segoe UI Emoji', 'Segoe UI Symbol', 'Noto Color Emoji';\">Chez R\u00e9fugi\u00e9 613, nous savons que les nouvelles et nouveaux arrivants ont du mal \u00e0 obtenir l\u2019information n\u00e9cessaire de fa\u00e7ons qui leur conviennent. C\u2019est pourquoi nous avons lanc\u00e9 le projet de Messagerie num\u00e9rique pour\nl\u2019\u00e9tablissement et l\u2019int\u00e9gration (MNEI). La messagerie num\u00e9rique est selon nous un tr\u00e8s bon outil pour que tout le monde ait l\u2019information n\u00e9cessaire.<\/p><p style=\"color: #333333; font-family: -apple-system, 'system-ui', 'Segoe UI', Roboto, 'Helvetica Neue', Arial, 'Noto Sans', sans-serif, 'Apple Color Emoji', 'Segoe UI Emoji', 'Segoe UI Symbol', 'Noto Color Emoji';\">Au d\u00e9part, nous\navons utilis\u00e9 cet outil pour aider les\npersonnes r\u00e9cemment arriv\u00e9es dans notre r\u00e9gion qui parlent arabe. Nous\navons ensuite cr\u00e9\u00e9 le projet MNEI et test\u00e9\nquatre autres mod\u00e8les de messagerie\nnum\u00e9rique dans quatre communaut\u00e9s\ndans diff\u00e9rentes r\u00e9gions du Canada. Ces\u00a0<a style=\"text-decoration-line: underline;\" href=\"https:\/\/dmsi-mnei.ca\/about\/pilots\/\">projets pilotes<\/a>\u00a0ont montr\u00e9 que les\nmessages num\u00e9riques aident les\npersonnes r\u00e9cemment arriv\u00e9es \u00e0 se\nconnecter entre elles et \u00e0 former des\ncommunaut\u00e9s en ligne o\u00f9 elles partagent\nl\u2019information et se soutiennent.<\/p><p style=\"color: #333333; font-family: -apple-system, 'system-ui', 'Segoe UI', Roboto, 'Helvetica Neue', Arial, 'Noto Sans', sans-serif, 'Apple Color Emoji', 'Segoe UI Emoji', 'Segoe UI Symbol', 'Noto Color Emoji';\">MNEI est\ndirig\u00e9 par R\u00e9fugi\u00e9 613 et financ\u00e9 par\nImmigration, R\u00e9fugi\u00e9s et Citoyennet\u00e9\nCanada (IRCC).<\/p>\t\t\t\t\t\t\t\t<\/div>\n\t\t\t\t<\/div>\n\t\t\t\t<\/div>\n\t\t\t\t\t<\/div>\n\t\t\t\t<\/div>\n\t\t<div class=\"elementor-element elementor-element-d63e447 e-flex e-con-boxed e-con e-parent\" data-id=\"d63e447\" data-element_type=\"container\" data-e-type=\"container\">\n\t\t\t\t\t<div class=\"e-con-inner\">\n\t\t<div class=\"elementor-element elementor-element-18f5ff0 e-con-full e-flex e-con e-child\" data-id=\"18f5ff0\" data-element_type=\"container\" data-e-type=\"container\">\n\t\t\t\t<div class=\"elementor-element elementor-element-7a96b57 elementor-hidden-mobile elementor-widget elementor-widget-image\" data-id=\"7a96b57\" data-element_type=\"widget\" data-e-type=\"widget\" data-widget_type=\"image.default\">\n\t\t\t\t<div class=\"elementor-widget-container\">\n\t\t\t\t\t\t\t\t\t\t\t\t\t\t\t<img decoding=\"async\" width=\"800\" height=\"207\" src=\"https:\/\/dmsi-mnei.ca\/wp-content\/uploads\/2023\/03\/Fren_R613_RGB_MED150.jpg\" class=\"attachment-large size-large wp-image-4620\" alt=\"Refugee613 logo\" srcset=\"https:\/\/dmsi-mnei.ca\/wp-content\/uploads\/2023\/03\/Fren_R613_RGB_MED150.jpg 490w, https:\/\/dmsi-mnei.ca\/wp-content\/uploads\/2023\/03\/Fren_R613_RGB_MED150-300x79.jpg 300w, https:\/\/dmsi-mnei.ca\/wp-content\/uploads\/2023\/03\/Fren_R613_RGB_MED150-18x5.jpg 18w\" sizes=\"(max-width: 800px) 100vw, 800px\" \/>\t\t\t\t\t\t\t\t\t\t\t\t\t\t\t<\/div>\n\t\t\t\t<\/div>\n\t\t\t\t<\/div>\n\t\t<div class=\"elementor-element elementor-element-2874e3c e-con-full e-flex e-con e-child\" data-id=\"2874e3c\" data-element_type=\"container\" data-e-type=\"container\">\n\t\t\t\t<div class=\"elementor-element elementor-element-39e1dad elementor-widget elementor-widget-heading\" data-id=\"39e1dad\" data-element_type=\"widget\" data-e-type=\"widget\" data-widget_type=\"heading.default\">\n\t\t\t\t<div class=\"elementor-widget-container\">\n\t\t\t\t\t<h2 class=\"elementor-heading-title elementor-size-default\">R\u00e9fugi\u00e9 613<\/h2>\t\t\t\t<\/div>\n\t\t\t\t<\/div>\n\t\t\t\t<div class=\"elementor-element elementor-element-7f298f5 elementor-widget elementor-widget-text-editor\" data-id=\"7f298f5\" data-element_type=\"widget\" data-e-type=\"widget\" data-widget_type=\"text-editor.default\">\n\t\t\t\t<div class=\"elementor-widget-container\">\n\t\t\t\t\t\t\t\t\t<p style=\"color: #333333; font-family: -apple-system, 'system-ui', 'Segoe UI', Roboto, 'Helvetica Neue', Arial, 'Noto Sans', sans-serif, 'Apple Color Emoji', 'Segoe UI Emoji', 'Segoe UI Symbol', 'Noto Color Emoji';\">Notre vision, chez\u00a0<a href=\"https:\/\/www.refugee613.ca\/\">R\u00e9fugi\u00e9 613<\/a><span style=\"font-weight: bolder;\">\u00a0<\/span>est que tout le monde s\u2019\u00e9panouit dans un monde\naccueillant. Pour \u00e7a, nous travaillons \u00e0\nl\u2019intersection des communications et de\nl\u2019\u00e9tablissement et l\u2019int\u00e9gration des\nnouvelles et nouveaux arrivants. Notre\nmod\u00e8le est unique en son genre,\ncombinant des liens \u00e9troits avec les\ncommunaut\u00e9s et notre expertise en\ncommunications pour combler les lacunes\ndans l\u2019exp\u00e9rience d\u2019\u00e9tablissement et\nd\u2019int\u00e9gration.<\/p><p style=\"color: #333333; font-family: -apple-system, 'system-ui', 'Segoe UI', Roboto, 'Helvetica Neue', Arial, 'Noto Sans', sans-serif, 'Apple Color Emoji', 'Segoe UI Emoji', 'Segoe UI Symbol', 'Noto Color Emoji';\">Nous sommes \u00e0 Ottawa et nos activit\u00e9s\nincluent l\u2019organisation de rencontres, la\nrecherche, l\u2019exp\u00e9rimentation, la\nproduction de contenu, la mobilisation\ndes connaissances, l\u2019\u00e9ducation publique,\nl\u2019innovation num\u00e9rique et l\u2019\u00e9laboration de\npolitiques ainsi que les services conseils\nen communications strat\u00e9giques, toujours\nen collaboration \u00e9troite avec, entre\nautres, les gouvernements et les secteurs\nde l\u2019\u00e9tablissement, de la sant\u00e9 et du\nlogement aux niveaux provincial et\nnational.\u00a0<\/p>\t\t\t\t\t\t\t\t<\/div>\n\t\t\t\t<\/div>\n\t\t\t\t<\/div>\n\t\t\t\t\t<\/div>\n\t\t\t\t<\/div>\n\t\t\t\t<\/div>","protected":false},"excerpt":{"rendered":"<p>The Digital Messaging for Settlement and Integration (DMSI) project At Refugee 613, we know newcomers have trouble getting the information they need in ways that work for them. That\u2019s why we started the Digital Messaging for Settlement and Integration (DMSI) project. We believe digital messaging is a great tool for making sure everyone has access [&hellip;]<\/p>\n","protected":false},"author":4,"featured_media":0,"parent":0,"menu_order":0,"comment_status":"closed","ping_status":"closed","template":"","meta":{"footnotes":""},"class_list":["post-5296","page","type-page","status-publish","hentry"],"yoast_head":"<!-- This site is optimized with the Yoast SEO plugin v27.4 - https:\/\/yoast.com\/product\/yoast-seo-wordpress\/ -->\n<title>About - Digital Messaging for Settlement and Integration (DMSI)<\/title>\n<meta name=\"robots\" content=\"index, follow, max-snippet:-1, max-image-preview:large, max-video-preview:-1\" \/>\n<link rel=\"canonical\" href=\"https:\/\/dmsi-mnei.ca\/fr\/about\/\" \/>\n<meta property=\"og:locale\" content=\"fr_CA\" \/>\n<meta property=\"og:type\" content=\"article\" \/>\n<meta property=\"og:title\" content=\"About - Digital Messaging for Settlement and Integration (DMSI)\" \/>\n<meta property=\"og:description\" content=\"The Digital Messaging for Settlement and Integration (DMSI) project At Refugee 613, we know newcomers have trouble getting the information they need in ways that work for them. That\u2019s why we started the Digital Messaging for Settlement and Integration (DMSI) project. We believe digital messaging is a great tool for making sure everyone has access [&hellip;]\" \/>\n<meta property=\"og:url\" content=\"https:\/\/dmsi-mnei.ca\/fr\/about\/\" \/>\n<meta property=\"og:site_name\" content=\"Digital Messaging for Settlement and Integration (DMSI)\" \/>\n<meta property=\"article:modified_time\" content=\"2023-03-16T04:17:04+00:00\" \/>\n<meta property=\"og:image\" content=\"https:\/\/dmsi-mnei.ca\/wp-content\/uploads\/2019\/10\/DMSI-Icon-Colour_small.jpg\" \/>\n<meta name=\"twitter:card\" content=\"summary_large_image\" \/>\n<meta name=\"twitter:label1\" content=\"Estimation du temps de lecture\" \/>\n\t<meta name=\"twitter:data1\" content=\"2 minutes\" \/>\n<script type=\"application\/ld+json\" class=\"yoast-schema-graph\">{\"@context\":\"https:\\\/\\\/schema.org\",\"@graph\":[{\"@type\":\"WebPage\",\"@id\":\"https:\\\/\\\/dmsi-mnei.ca\\\/about\\\/\",\"url\":\"https:\\\/\\\/dmsi-mnei.ca\\\/about\\\/\",\"name\":\"About - Digital Messaging for Settlement and Integration (DMSI)\",\"isPartOf\":{\"@id\":\"https:\\\/\\\/dmsi-mnei.ca\\\/#website\"},\"primaryImageOfPage\":{\"@id\":\"https:\\\/\\\/dmsi-mnei.ca\\\/about\\\/#primaryimage\"},\"image\":{\"@id\":\"https:\\\/\\\/dmsi-mnei.ca\\\/about\\\/#primaryimage\"},\"thumbnailUrl\":\"https:\\\/\\\/dmsi-mnei.ca\\\/wp-content\\\/uploads\\\/2019\\\/10\\\/DMSI-Icon-Colour_small.jpg\",\"datePublished\":\"2023-03-16T04:08:45+00:00\",\"dateModified\":\"2023-03-16T04:17:04+00:00\",\"breadcrumb\":{\"@id\":\"https:\\\/\\\/dmsi-mnei.ca\\\/about\\\/#breadcrumb\"},\"inLanguage\":\"fr-CA\",\"potentialAction\":[{\"@type\":\"ReadAction\",\"target\":[\"https:\\\/\\\/dmsi-mnei.ca\\\/about\\\/\"]}]},{\"@type\":\"ImageObject\",\"inLanguage\":\"fr-CA\",\"@id\":\"https:\\\/\\\/dmsi-mnei.ca\\\/about\\\/#primaryimage\",\"url\":\"https:\\\/\\\/dmsi-mnei.ca\\\/wp-content\\\/uploads\\\/2019\\\/10\\\/DMSI-Icon-Colour_small.jpg\",\"contentUrl\":\"https:\\\/\\\/dmsi-mnei.ca\\\/wp-content\\\/uploads\\\/2019\\\/10\\\/DMSI-Icon-Colour_small.jpg\"},{\"@type\":\"BreadcrumbList\",\"@id\":\"https:\\\/\\\/dmsi-mnei.ca\\\/about\\\/#breadcrumb\",\"itemListElement\":[{\"@type\":\"ListItem\",\"position\":1,\"name\":\"Home\",\"item\":\"https:\\\/\\\/dmsi-mnei.ca\\\/\"},{\"@type\":\"ListItem\",\"position\":2,\"name\":\"About\"}]},{\"@type\":\"WebSite\",\"@id\":\"https:\\\/\\\/dmsi-mnei.ca\\\/#website\",\"url\":\"https:\\\/\\\/dmsi-mnei.ca\\\/\",\"name\":\"Digital Messaging for Settlement and Integration (DMSI)\",\"description\":\"\",\"publisher\":{\"@id\":\"https:\\\/\\\/dmsi-mnei.ca\\\/#organization\"},\"potentialAction\":[{\"@type\":\"SearchAction\",\"target\":{\"@type\":\"EntryPoint\",\"urlTemplate\":\"https:\\\/\\\/dmsi-mnei.ca\\\/?s={search_term_string}\"},\"query-input\":{\"@type\":\"PropertyValueSpecification\",\"valueRequired\":true,\"valueName\":\"search_term_string\"}}],\"inLanguage\":\"fr-CA\"},{\"@type\":\"Organization\",\"@id\":\"https:\\\/\\\/dmsi-mnei.ca\\\/#organization\",\"name\":\"Digital Messaging for Settlement and Integration (DMSI)\",\"url\":\"https:\\\/\\\/dmsi-mnei.ca\\\/\",\"logo\":{\"@type\":\"ImageObject\",\"inLanguage\":\"fr-CA\",\"@id\":\"https:\\\/\\\/dmsi-mnei.ca\\\/#\\\/schema\\\/logo\\\/image\\\/\",\"url\":\"https:\\\/\\\/dmsi-mnei.ca\\\/wp-content\\\/uploads\\\/2019\\\/10\\\/DMSI-Logo-Full-Colour.png\",\"contentUrl\":\"https:\\\/\\\/dmsi-mnei.ca\\\/wp-content\\\/uploads\\\/2019\\\/10\\\/DMSI-Logo-Full-Colour.png\",\"width\":2400,\"height\":1263,\"caption\":\"Digital Messaging for Settlement and Integration (DMSI)\"},\"image\":{\"@id\":\"https:\\\/\\\/dmsi-mnei.ca\\\/#\\\/schema\\\/logo\\\/image\\\/\"}}]}<\/script>\n<!-- \/ Yoast SEO plugin. -->","yoast_head_json":{"title":"About - Digital Messaging for Settlement and Integration (DMSI)","robots":{"index":"index","follow":"follow","max-snippet":"max-snippet:-1","max-image-preview":"max-image-preview:large","max-video-preview":"max-video-preview:-1"},"canonical":"https:\/\/dmsi-mnei.ca\/fr\/about\/","og_locale":"fr_CA","og_type":"article","og_title":"About - Digital Messaging for Settlement and Integration (DMSI)","og_description":"The Digital Messaging for Settlement and Integration (DMSI) project At Refugee 613, we know newcomers have trouble getting the information they need in ways that work for them. That\u2019s why we started the Digital Messaging for Settlement and Integration (DMSI) project. We believe digital messaging is a great tool for making sure everyone has access [&hellip;]","og_url":"https:\/\/dmsi-mnei.ca\/fr\/about\/","og_site_name":"Digital Messaging for Settlement and Integration (DMSI)","article_modified_time":"2023-03-16T04:17:04+00:00","og_image":[{"url":"https:\/\/dmsi-mnei.ca\/wp-content\/uploads\/2019\/10\/DMSI-Icon-Colour_small.jpg","type":"","width":"","height":""}],"twitter_card":"summary_large_image","twitter_misc":{"Estimation du temps de lecture":"2 minutes"},"schema":{"@context":"https:\/\/schema.org","@graph":[{"@type":"WebPage","@id":"https:\/\/dmsi-mnei.ca\/about\/","url":"https:\/\/dmsi-mnei.ca\/about\/","name":"About - Digital Messaging for Settlement and Integration (DMSI)","isPartOf":{"@id":"https:\/\/dmsi-mnei.ca\/#website"},"primaryImageOfPage":{"@id":"https:\/\/dmsi-mnei.ca\/about\/#primaryimage"},"image":{"@id":"https:\/\/dmsi-mnei.ca\/about\/#primaryimage"},"thumbnailUrl":"https:\/\/dmsi-mnei.ca\/wp-content\/uploads\/2019\/10\/DMSI-Icon-Colour_small.jpg","datePublished":"2023-03-16T04:08:45+00:00","dateModified":"2023-03-16T04:17:04+00:00","breadcrumb":{"@id":"https:\/\/dmsi-mnei.ca\/about\/#breadcrumb"},"inLanguage":"fr-CA","potentialAction":[{"@type":"ReadAction","target":["https:\/\/dmsi-mnei.ca\/about\/"]}]},{"@type":"ImageObject","inLanguage":"fr-CA","@id":"https:\/\/dmsi-mnei.ca\/about\/#primaryimage","url":"https:\/\/dmsi-mnei.ca\/wp-content\/uploads\/2019\/10\/DMSI-Icon-Colour_small.jpg","contentUrl":"https:\/\/dmsi-mnei.ca\/wp-content\/uploads\/2019\/10\/DMSI-Icon-Colour_small.jpg"},{"@type":"BreadcrumbList","@id":"https:\/\/dmsi-mnei.ca\/about\/#breadcrumb","itemListElement":[{"@type":"ListItem","position":1,"name":"Home","item":"https:\/\/dmsi-mnei.ca\/"},{"@type":"ListItem","position":2,"name":"About"}]},{"@type":"WebSite","@id":"https:\/\/dmsi-mnei.ca\/#website","url":"https:\/\/dmsi-mnei.ca\/","name":"Messages num\u00e9riques pour\nl\u2019\u00e9tablissement et l\u2019int\u00e9gration (MNEI)","description":"","publisher":{"@id":"https:\/\/dmsi-mnei.ca\/#organization"},"potentialAction":[{"@type":"SearchAction","target":{"@type":"EntryPoint","urlTemplate":"https:\/\/dmsi-mnei.ca\/?s={search_term_string}"},"query-input":{"@type":"PropertyValueSpecification","valueRequired":true,"valueName":"search_term_string"}}],"inLanguage":"fr-CA"},{"@type":"Organization","@id":"https:\/\/dmsi-mnei.ca\/#organization","name":"Messages num\u00e9riques pour\nl\u2019\u00e9tablissement et l\u2019int\u00e9gration (MNEI)","url":"https:\/\/dmsi-mnei.ca\/","logo":{"@type":"ImageObject","inLanguage":"fr-CA","@id":"https:\/\/dmsi-mnei.ca\/#\/schema\/logo\/image\/","url":"https:\/\/dmsi-mnei.ca\/wp-content\/uploads\/2019\/10\/DMSI-Logo-Full-Colour.png","contentUrl":"https:\/\/dmsi-mnei.ca\/wp-content\/uploads\/2019\/10\/DMSI-Logo-Full-Colour.png","width":2400,"height":1263,"caption":"Digital Messaging for Settlement and Integration (DMSI)"},"image":{"@id":"https:\/\/dmsi-mnei.ca\/#\/schema\/logo\/image\/"}}]}},"_links":{"self":[{"href":"https:\/\/dmsi-mnei.ca\/fr\/wp-json\/wp\/v2\/pages\/5296","targetHints":{"allow":["GET"]}}],"collection":[{"href":"https:\/\/dmsi-mnei.ca\/fr\/wp-json\/wp\/v2\/pages"}],"about":[{"href":"https:\/\/dmsi-mnei.ca\/fr\/wp-json\/wp\/v2\/types\/page"}],"author":[{"embeddable":true,"href":"https:\/\/dmsi-mnei.ca\/fr\/wp-json\/wp\/v2\/users\/4"}],"replies":[{"embeddable":true,"href":"https:\/\/dmsi-mnei.ca\/fr\/wp-json\/wp\/v2\/comments?post=5296"}],"version-history":[{"count":13,"href":"https:\/\/dmsi-mnei.ca\/fr\/wp-json\/wp\/v2\/pages\/5296\/revisions"}],"predecessor-version":[{"id":5310,"href":"https:\/\/dmsi-mnei.ca\/fr\/wp-json\/wp\/v2\/pages\/5296\/revisions\/5310"}],"wp:attachment":[{"href":"https:\/\/dmsi-mnei.ca\/fr\/wp-json\/wp\/v2\/media?parent=5296"}],"curies":[{"name":"wp","href":"https:\/\/api.w.org\/{rel}","templated":true}]}}